{"id":3437,"date":"2022-07-18T13:14:47","date_gmt":"2022-07-18T11:22:06","guid":{"rendered":"https:\/\/glassheritagecentre.com\/szklany-nurek\/"},"modified":"2022-07-18T13:22:14","modified_gmt":"2022-07-18T11:22:14","slug":"szklany-nurek","status":"publish","type":"product","link":"https:\/\/glassheritagecentre.com\/pl\/szklany-nurek\/","title":{"rendered":"Szklany Nurek"},"content":{"rendered":"<p>Szklana figurka z kolekcji Centrum Dziedzictwa Szk\u0142a prezentuj\u0105ca zawody i profesje. \u015awietny jako prezent lub dekoracja do domu. Wykonane z r\u0119cznie dmuchanego szk\u0142a artystycznego ozdobione \u017cywymi kolorami, te figurki z pewno\u015bci\u0105 zadowol\u0105 nawet najbardziej wymagaj\u0105cego kolekcjonera. Certyfikat autentyczno\u015bci jest r\u00f3wnie\u017c do\u0142\u0105czony do ka\u017cdego dzie\u0142a stworzonego przez uznanych polskich artyst\u00f3w, uznawanych w Polsce za tw\u00f3rc\u00f3w dzie\u0142 z najwy\u017cszej p\u00f3\u0142ki. B\u0119d\u0105 \u015bwietnie wygl\u0105da\u0107, gdziekolwiek si\u0119 udaj\u0105!<\/p>\n","protected":false},"excerpt":{"rendered":"<p>D\u0142ugo\u015b\u0107: 15 cm<br \/>\nSzeroko\u015b\u0107: 15 cm<br \/>\nWysoko\u015b\u0107: 6 cm<\/p>\n","protected":false},"featured_media":203,"template":"","meta":[],"product_cat":[206,166,160],"product_tag":[],"_links":{"self":[{"href":"https:\/\/glassheritagecentre.com\/pl\/wp-json\/wp\/v2\/product\/3437"}],"collection":[{"href":"https:\/\/glassheritagecentre.com\/pl\/wp-json\/wp\/v2\/product"}],"about":[{"href":"https:\/\/glassheritagecentre.com\/pl\/wp-json\/wp\/v2\/types\/product"}],"wp:featuredmedia":[{"embeddable":true,"href":"https:\/\/glassheritagecentre.com\/pl\/wp-json\/wp\/v2\/media\/203"}],"wp:attachment":[{"href":"https:\/\/glassheritagecentre.com\/pl\/wp-json\/wp\/v2\/media?parent=3437"}],"wp:term":[{"taxonomy":"product_cat","embeddable":true,"href":"https:\/\/glassheritagecentre.com\/pl\/wp-json\/wp\/v2\/product_cat?post=3437"},{"taxonomy":"product_tag","embeddable":true,"href":"https:\/\/glassheritagecentre.com\/pl\/wp-json\/wp\/v2\/product_tag?post=3437"}],"curies":[{"name":"wp","href":"https:\/\/api.w.org\/{rel}","templated":true}]}}