{"id":3436,"date":"2022-07-18T13:14:47","date_gmt":"2022-07-18T11:22:06","guid":{"rendered":"https:\/\/glassheritagecentre.com\/figurka-zyda-ze-skrzypcami\/"},"modified":"2022-07-18T13:22:14","modified_gmt":"2022-07-18T11:22:14","slug":"figurka-zyda-ze-skrzypcami","status":"publish","type":"product","link":"https:\/\/glassheritagecentre.com\/pl\/figurka-zyda-ze-skrzypcami\/","title":{"rendered":"Figurka \u017byda ze skrzypcami"},"content":{"rendered":"<p>Ta r\u0119cznie wykonana figurka to pozycja obowi\u0105zkowa dla ka\u017cdego kolekcjonera. Niezale\u017cnie od tego, czy chcesz doda\u0107 troch\u0119 kultury \u017cydowskiej do swojego salonu, czy chcesz czego\u015b zabawnego i \u015bwi\u0105tecznego, ta genialna szklana figurka stanie si\u0119 niezast\u0105pion\u0105 cz\u0119\u015bci\u0105 wystroju Twojego domu. Skrzypce w jego r\u0119kach sprawiaj\u0105, \u017ce jest to idealny prezent dla tego przyjaciela muzyka, kt\u00f3ry zbli\u017ca si\u0119 do wieku emerytalnego i wydaje si\u0119 by\u0107 niespe\u0142niony w swojej karierze zawodowej. W ko\u0144cu nigdy nie powinni\u015bmy przesta\u0107 pod\u0105\u017ca\u0107 za naszymi marzeniami!<\/p>\n<p>Ta r\u0119cznie wykonana szklana figurka \u017byda jest doskona\u0142ym kawa\u0142kiem judaiki. Poniewa\u017c jego wizerunek jest stereotypowy, jest co\u015b zabawnego w tym, jak artysta przy\u0142apa\u0142 go na tym, \u017ce wygl\u0105da na bogatego. Niezale\u017cnie od tego, czy s\u0105 u\u017cywane jako dekoracja, czy te\u017c wyra\u017caj\u0105 Twoje dziedzictwo, ta pi\u0119knie szczeg\u00f3\u0142owa figura b\u0119dzie idealna do Twojej kolekcji.<\/p>\n","protected":false},"excerpt":{"rendered":"<p>D\u0142ugo\u015b\u0107: 8 cm<br \/>\nSzeroko\u015b\u0107: 6 cm<br \/>\nWysoko\u015b\u0107: 20 cm<\/p>\n","protected":false},"featured_media":182,"template":"","meta":[],"product_cat":[206,166,160,170],"product_tag":[],"_links":{"self":[{"href":"https:\/\/glassheritagecentre.com\/pl\/wp-json\/wp\/v2\/product\/3436"}],"collection":[{"href":"https:\/\/glassheritagecentre.com\/pl\/wp-json\/wp\/v2\/product"}],"about":[{"href":"https:\/\/glassheritagecentre.com\/pl\/wp-json\/wp\/v2\/types\/product"}],"wp:featuredmedia":[{"embeddable":true,"href":"https:\/\/glassheritagecentre.com\/pl\/wp-json\/wp\/v2\/media\/182"}],"wp:attachment":[{"href":"https:\/\/glassheritagecentre.com\/pl\/wp-json\/wp\/v2\/media?parent=3436"}],"wp:term":[{"taxonomy":"product_cat","embeddable":true,"href":"https:\/\/glassheritagecentre.com\/pl\/wp-json\/wp\/v2\/product_cat?post=3436"},{"taxonomy":"product_tag","embeddable":true,"href":"https:\/\/glassheritagecentre.com\/pl\/wp-json\/wp\/v2\/product_tag?post=3436"}],"curies":[{"name":"wp","href":"https:\/\/api.w.org\/{rel}","templated":true}]}}