{"id":3435,"date":"2022-07-18T13:14:47","date_gmt":"2022-07-18T11:22:06","guid":{"rendered":"https:\/\/glassheritagecentre.com\/szklana-figurka-harpia\/"},"modified":"2022-07-18T13:22:13","modified_gmt":"2022-07-18T11:22:13","slug":"szklana-figurka-harpia","status":"publish","type":"product","link":"https:\/\/glassheritagecentre.com\/pl\/szklana-figurka-harpia\/","title":{"rendered":"Szklana Figurka Harpia"},"content":{"rendered":"<p>To, co wyr\u00f3\u017cnia t\u0119 r\u0119cznie wykonan\u0105 szklan\u0105 figurk\u0119, to historia, kt\u00f3ra si\u0119 za ni\u0105 kryje; stworzono j\u0105 na podstawie prac Hektora Weriosa, \u015bwiatowej s\u0142awy artysty i fotografa. Niewiele jest dzie\u0142 sztuki, kt\u00f3re mo\u017cna stworzy\u0107 z w\u0142asnym certyfikatem autentyczno\u015bci, ale ten owszem! W ka\u017cdej kultowej scenie uchwycony jest zar\u00f3wno dotyk ba\u015bniowej magii zmieszanej z groteskowym horrorem. Ta kultowa rze\u017aba inspirowana galeri\u0105 Weriosa b\u0119dzie wygl\u0105da\u0107 rewelacyjnie, siedz\u0105c na biurku lub p\u00f3\u0142ce z ksi\u0105\u017ckami przez wiele lat. Jest bardzo wyj\u0105tkowa i b\u0119dzie \u015bwietnym dodatkiem do ka\u017cdej kolekcji.<\/p>\n","protected":false},"excerpt":{"rendered":"<p>D\u0142ugo\u015b\u0107: 12 cm<br \/>\nSzeroko\u015b\u0107: 6 cm<br \/>\nWysoko\u015b\u0107: 17 cm<\/p>\n","protected":false},"featured_media":149,"template":"","meta":[],"product_cat":[206,166,160],"product_tag":[],"_links":{"self":[{"href":"https:\/\/glassheritagecentre.com\/pl\/wp-json\/wp\/v2\/product\/3435"}],"collection":[{"href":"https:\/\/glassheritagecentre.com\/pl\/wp-json\/wp\/v2\/product"}],"about":[{"href":"https:\/\/glassheritagecentre.com\/pl\/wp-json\/wp\/v2\/types\/product"}],"wp:featuredmedia":[{"embeddable":true,"href":"https:\/\/glassheritagecentre.com\/pl\/wp-json\/wp\/v2\/media\/149"}],"wp:attachment":[{"href":"https:\/\/glassheritagecentre.com\/pl\/wp-json\/wp\/v2\/media?parent=3435"}],"wp:term":[{"taxonomy":"product_cat","embeddable":true,"href":"https:\/\/glassheritagecentre.com\/pl\/wp-json\/wp\/v2\/product_cat?post=3435"},{"taxonomy":"product_tag","embeddable":true,"href":"https:\/\/glassheritagecentre.com\/pl\/wp-json\/wp\/v2\/product_tag?post=3435"}],"curies":[{"name":"wp","href":"https:\/\/api.w.org\/{rel}","templated":true}]}}