{"id":3434,"date":"2022-07-18T13:14:47","date_gmt":"2022-07-18T11:22:06","guid":{"rendered":"https:\/\/glassheritagecentre.com\/szklana-figurka-lami\/"},"modified":"2022-07-18T13:22:12","modified_gmt":"2022-07-18T11:22:12","slug":"szklana-figurka-lami","status":"publish","type":"product","link":"https:\/\/glassheritagecentre.com\/pl\/szklana-figurka-lami\/","title":{"rendered":"Szklana Figurka Lami"},"content":{"rendered":"<p>Wyr\u00f3\u017cnij si\u0119 z t\u0142umu dzi\u0119ki temu jedynemu w swoim rodzaju zestawowi rzadkich, r\u0119cznie robionych szklanych figurek. Masz ochot\u0119 na fantazyjne, czaruj\u0105ce dzie\u0142o sztuki, kt\u00f3re z pewno\u015bci\u0105 b\u0119dzie podziwiane w centrum Twojego domu? Unikalny projekt zapewnia nieodparty punkt centralny dla wszystkich, kt\u00f3rzy wchodz\u0105!<\/p>\n<p>Te r\u0119cznie wykonane szklane figurki inspirowane s\u0105 pracami \u015bwiatowej s\u0142awy artysty, rzemie\u015blnika i fotografa Hektora Weriosa. W surrealistyczny spos\u00f3b \u0142\u0105cz\u0105 w jego pracach ba\u015bniowy klimat z fantazj\u0105 grozy. Posiadaj\u0105 indywidualny certyfikat autentyczno\u015bci oraz wszelkie inne materia\u0142y z wyszczeg\u00f3lnieniem ich pochodzenia.<\/p>\n","protected":false},"excerpt":{"rendered":"<p>D\u0142ugo\u015b\u0107: 14 cm<br \/>\nSzeroko\u015b\u0107: 7 cm<br \/>\nWysoko\u015b\u0107: 14 cm<\/p>\n","protected":false},"featured_media":140,"template":"","meta":[],"product_cat":[206,166,160],"product_tag":[],"_links":{"self":[{"href":"https:\/\/glassheritagecentre.com\/pl\/wp-json\/wp\/v2\/product\/3434"}],"collection":[{"href":"https:\/\/glassheritagecentre.com\/pl\/wp-json\/wp\/v2\/product"}],"about":[{"href":"https:\/\/glassheritagecentre.com\/pl\/wp-json\/wp\/v2\/types\/product"}],"wp:featuredmedia":[{"embeddable":true,"href":"https:\/\/glassheritagecentre.com\/pl\/wp-json\/wp\/v2\/media\/140"}],"wp:attachment":[{"href":"https:\/\/glassheritagecentre.com\/pl\/wp-json\/wp\/v2\/media?parent=3434"}],"wp:term":[{"taxonomy":"product_cat","embeddable":true,"href":"https:\/\/glassheritagecentre.com\/pl\/wp-json\/wp\/v2\/product_cat?post=3434"},{"taxonomy":"product_tag","embeddable":true,"href":"https:\/\/glassheritagecentre.com\/pl\/wp-json\/wp\/v2\/product_tag?post=3434"}],"curies":[{"name":"wp","href":"https:\/\/api.w.org\/{rel}","templated":true}]}}