{"id":3433,"date":"2022-07-18T13:14:47","date_gmt":"2022-07-18T11:22:06","guid":{"rendered":"https:\/\/glassheritagecentre.com\/szklana-figurka-ran\/"},"modified":"2022-07-18T13:22:12","modified_gmt":"2022-07-18T11:22:12","slug":"szklana-figurka-ran","status":"publish","type":"product","link":"https:\/\/glassheritagecentre.com\/pl\/szklana-figurka-ran\/","title":{"rendered":"Szklana Figurka Ran"},"content":{"rendered":"<p>Jest to r\u0119cznie wykonana szklana figurka inspirowana fascynuj\u0105cymi dzie\u0142ami Hektora Weriosa. Znany jest z umiej\u0119tno\u015bci \u0142\u0105czenia w swoich pracach obraz\u00f3w z ba\u015bni z koszmarami, surrealizmem i nieziemskimi \u015brodowiskami. Ta sztuka ma w\u0142asny certyfikat autentyczno\u015bci, kt\u00f3ry zawiera numer identyfikacyjny przypisany tylko do tego konkretnego modelu\/wersji.<\/p>\n<p>Oto jedyna w swoim rodzaju szklana figurka wykonana r\u0119cznie przez profesjonalnych artyst\u00f3w. Przedmioty kolekcjonerskie s\u0105 rzadkie, wi\u0119c dost\u0119pne s\u0105 tylko ograniczone ilo\u015bci. Ta szklana figurka ma sw\u00f3j w\u0142asny certyfikat autentyczno\u015bci i mo\u017ce by\u0107 eksponowana w dowolnym miejscu w domu lub biurze, aby pokaza\u0107 swoje wyczucie stylu.<\/p>\n","protected":false},"excerpt":{"rendered":"<p>D\u0142ugo\u015b\u0107: 14 cm<br \/>\nSzeroko\u015b\u0107: 6 cm<br \/>\nWysoko\u015b\u0107: 15 cm<\/p>\n","protected":false},"featured_media":131,"template":"","meta":[],"product_cat":[206,166,160],"product_tag":[],"_links":{"self":[{"href":"https:\/\/glassheritagecentre.com\/pl\/wp-json\/wp\/v2\/product\/3433"}],"collection":[{"href":"https:\/\/glassheritagecentre.com\/pl\/wp-json\/wp\/v2\/product"}],"about":[{"href":"https:\/\/glassheritagecentre.com\/pl\/wp-json\/wp\/v2\/types\/product"}],"wp:featuredmedia":[{"embeddable":true,"href":"https:\/\/glassheritagecentre.com\/pl\/wp-json\/wp\/v2\/media\/131"}],"wp:attachment":[{"href":"https:\/\/glassheritagecentre.com\/pl\/wp-json\/wp\/v2\/media?parent=3433"}],"wp:term":[{"taxonomy":"product_cat","embeddable":true,"href":"https:\/\/glassheritagecentre.com\/pl\/wp-json\/wp\/v2\/product_cat?post=3433"},{"taxonomy":"product_tag","embeddable":true,"href":"https:\/\/glassheritagecentre.com\/pl\/wp-json\/wp\/v2\/product_tag?post=3433"}],"curies":[{"name":"wp","href":"https:\/\/api.w.org\/{rel}","templated":true}]}}