{"id":3432,"date":"2022-07-18T13:14:47","date_gmt":"2022-07-18T11:22:06","guid":{"rendered":"https:\/\/glassheritagecentre.com\/szklane-ptaki-tropicana\/"},"modified":"2022-07-18T13:22:11","modified_gmt":"2022-07-18T11:22:11","slug":"szklane-ptaki-tropicana","status":"publish","type":"product","link":"https:\/\/glassheritagecentre.com\/pl\/szklane-ptaki-tropicana\/","title":{"rendered":"Szklane Ptaki Tropicana"},"content":{"rendered":"<p>Nasze urocze szklane papugi to idealne prezenty dla mi\u0142o\u015bnik\u00f3w zwierz\u0105t. Dost\u0119pna w trzech r\u00f3\u017cnych kolorach, ta misterna konstrukcja z r\u0119cznie dmuchanego szk\u0142a jest nasz\u0105 charakterystyczn\u0105 figurk\u0105, kt\u00f3ra mo\u017ce by\u0107 wykorzystana jako pomys\u0142 dla ka\u017cdego, kto chce wprowadzi\u0107 troch\u0119 \u201ebutiku\u201d do wystroju swojego domu lub miejsca pracy.<\/p>\n<p>Te wspaniale wykonane ptaki pasuj\u0105 do ka\u017cdego wystroju sypialni, oferuj\u0105c \u017cywe barwy i niezr\u00f3wnane detale. <\/p>\n<p>Kto nie kocha zwierz\u0105t? Nasze figurki dekoracyjne oddaj\u0105 subtelne kolory i detale ka\u017cdego zwierz\u0119cia, dzi\u0119ki czemu mo\u017cesz doceni\u0107 ich form\u0119 lub po prostu podziwia\u0107 je jako dekoracj\u0119. Znajdziesz papugi, lwy, nietoperze \u2013 asortyment jest ogromny! Wybierz swoje ulubione zwierz\u0119, aby stworzy\u0107 idealny pomys\u0142 na dekoracj\u0119 domu.<\/p>\n","protected":false},"excerpt":{"rendered":"<p>D\u0142ugo\u015b\u0107: 14 cm<br \/>\nSzeroko\u015b\u0107: 5 cm<br \/>\nWysoko\u015b\u0107: 17 cm<\/p>\n","protected":false},"featured_media":107,"template":"","meta":[],"product_cat":[206,160,154,152],"product_tag":[],"_links":{"self":[{"href":"https:\/\/glassheritagecentre.com\/pl\/wp-json\/wp\/v2\/product\/3432"}],"collection":[{"href":"https:\/\/glassheritagecentre.com\/pl\/wp-json\/wp\/v2\/product"}],"about":[{"href":"https:\/\/glassheritagecentre.com\/pl\/wp-json\/wp\/v2\/types\/product"}],"wp:featuredmedia":[{"embeddable":true,"href":"https:\/\/glassheritagecentre.com\/pl\/wp-json\/wp\/v2\/media\/107"}],"wp:attachment":[{"href":"https:\/\/glassheritagecentre.com\/pl\/wp-json\/wp\/v2\/media?parent=3432"}],"wp:term":[{"taxonomy":"product_cat","embeddable":true,"href":"https:\/\/glassheritagecentre.com\/pl\/wp-json\/wp\/v2\/product_cat?post=3432"},{"taxonomy":"product_tag","embeddable":true,"href":"https:\/\/glassheritagecentre.com\/pl\/wp-json\/wp\/v2\/product_tag?post=3432"}],"curies":[{"name":"wp","href":"https:\/\/api.w.org\/{rel}","templated":true}]}}