{"id":3431,"date":"2022-07-18T13:14:47","date_gmt":"2022-07-18T11:22:06","guid":{"rendered":"https:\/\/glassheritagecentre.com\/szklana-zaba-bridget\/"},"modified":"2022-07-18T13:22:10","modified_gmt":"2022-07-18T11:22:10","slug":"szklana-zaba-bridget","status":"publish","type":"product","link":"https:\/\/glassheritagecentre.com\/pl\/szklana-zaba-bridget\/","title":{"rendered":"Szklana \u017baba Bridget"},"content":{"rendered":"<p>R\u0119cznie robione szklane figurki zwierz\u0105t od GHC<\/p>\n<p>Ka\u017cda figurka to jedyne w swoim rodzaju arcydzie\u0142o. Zosta\u0144 wielbicielem zwierz\u0105t i uwolnij swoj\u0105 kreatywno\u015b\u0107 dzi\u0119ki naszej r\u0119cznie wykonanej kolekcji sztuki na szkle!<\/p>\n<p>Twoje biurko potrzebuje troch\u0119 koloru? Nasze szklane \u017caby s\u0105 pe\u0142ne \u017cycia i wszelkiego rodzaju wzor\u00f3w. Nigdy nie b\u0119dziesz si\u0119 nudzi\u0107! S\u0105 w idealnym rozmiarze, aby zajmowa\u0107 miejsce na ka\u017cdym biurku, zapewniaj\u0105c zabaw\u0119 podczas pracy!<\/p>\n","protected":false},"excerpt":{"rendered":"<p>D\u0142ugo\u015b\u0107: 8 cm<br \/>\nSzeroko\u015b\u0107: 4 cm<br \/>\nWysoko\u015b\u0107: 18 cm<\/p>\n","protected":false},"featured_media":98,"template":"","meta":[],"product_cat":[206,160,152],"product_tag":[],"_links":{"self":[{"href":"https:\/\/glassheritagecentre.com\/pl\/wp-json\/wp\/v2\/product\/3431"}],"collection":[{"href":"https:\/\/glassheritagecentre.com\/pl\/wp-json\/wp\/v2\/product"}],"about":[{"href":"https:\/\/glassheritagecentre.com\/pl\/wp-json\/wp\/v2\/types\/product"}],"wp:featuredmedia":[{"embeddable":true,"href":"https:\/\/glassheritagecentre.com\/pl\/wp-json\/wp\/v2\/media\/98"}],"wp:attachment":[{"href":"https:\/\/glassheritagecentre.com\/pl\/wp-json\/wp\/v2\/media?parent=3431"}],"wp:term":[{"taxonomy":"product_cat","embeddable":true,"href":"https:\/\/glassheritagecentre.com\/pl\/wp-json\/wp\/v2\/product_cat?post=3431"},{"taxonomy":"product_tag","embeddable":true,"href":"https:\/\/glassheritagecentre.com\/pl\/wp-json\/wp\/v2\/product_tag?post=3431"}],"curies":[{"name":"wp","href":"https:\/\/api.w.org\/{rel}","templated":true}]}}