{"id":3430,"date":"2022-07-18T13:14:47","date_gmt":"2022-07-18T11:22:06","guid":{"rendered":"https:\/\/glassheritagecentre.com\/szklana-maska-due-facce\/"},"modified":"2022-07-18T13:22:10","modified_gmt":"2022-07-18T11:22:10","slug":"szklana-maska-due-facce","status":"publish","type":"product","link":"https:\/\/glassheritagecentre.com\/pl\/szklana-maska-due-facce\/","title":{"rendered":"Szklana Maska Due facce"},"content":{"rendered":"<p>Ta r\u0119cznie robiona szklana maska wykonana jest przez dw\u00f3ch artyst\u00f3w. Pierwszy z nich wykorzysta\u0142 metod\u0119 fusingu, aby stworzy\u0107 jej unikatowy kszta\u0142t, natomiast drugi artysta misternie r\u0119cznie malowa\u0142 jego wz\u00f3r. Bez wzgl\u0119du na upodobania do pi\u0119kna &#8211; ta wykwintna praca mo\u017ce by\u0107 \u015bwietnym akcentem dla wszystkich Twoich dekoracji lub stanowi\u0107 ciekawy prezent. Ten dobrze zaprojektowany produkt wprowadzi styl i pi\u0119kno do ka\u017cdego domu; jest elegancka, delikatna, stylowa i niepowtarzalna!<\/p>\n<p>Maska to wyj\u0105tkowy, pi\u0119kny przedmiot. B\u0119dzie idealnym prezentem dla osoby z wyczuciem stylu i indywidualno\u015bci.<\/p>\n","protected":false},"excerpt":{"rendered":"<p>D\u0142ugo\u015b\u0107: 18 cm<br \/>\nSzeroko\u015b\u0107: 5 cm<br \/>\nWysoko\u015b\u0107: 20 cm<\/p>\n","protected":false},"featured_media":89,"template":"","meta":[],"product_cat":[206,160,174],"product_tag":[],"_links":{"self":[{"href":"https:\/\/glassheritagecentre.com\/pl\/wp-json\/wp\/v2\/product\/3430"}],"collection":[{"href":"https:\/\/glassheritagecentre.com\/pl\/wp-json\/wp\/v2\/product"}],"about":[{"href":"https:\/\/glassheritagecentre.com\/pl\/wp-json\/wp\/v2\/types\/product"}],"wp:featuredmedia":[{"embeddable":true,"href":"https:\/\/glassheritagecentre.com\/pl\/wp-json\/wp\/v2\/media\/89"}],"wp:attachment":[{"href":"https:\/\/glassheritagecentre.com\/pl\/wp-json\/wp\/v2\/media?parent=3430"}],"wp:term":[{"taxonomy":"product_cat","embeddable":true,"href":"https:\/\/glassheritagecentre.com\/pl\/wp-json\/wp\/v2\/product_cat?post=3430"},{"taxonomy":"product_tag","embeddable":true,"href":"https:\/\/glassheritagecentre.com\/pl\/wp-json\/wp\/v2\/product_tag?post=3430"}],"curies":[{"name":"wp","href":"https:\/\/api.w.org\/{rel}","templated":true}]}}