{"id":3429,"date":"2022-07-18T13:14:47","date_gmt":"2022-07-18T11:22:06","guid":{"rendered":"https:\/\/glassheritagecentre.com\/szklana-maska-mucca\/"},"modified":"2022-07-18T13:22:09","modified_gmt":"2022-07-18T11:22:09","slug":"szklana-maska-mucca","status":"publish","type":"product","link":"https:\/\/glassheritagecentre.com\/pl\/szklana-maska-mucca\/","title":{"rendered":"Szklana Maska Mucca"},"content":{"rendered":"<p>Projekt maski ze szk\u0142a weneckiego jest urzekaj\u0105cy. Detal i g\u0142\u0119bia jego kolor\u00f3w oczaruj\u0105 Ci\u0119 swoim eterycznym pi\u0119knem przez wiele godzin, z pewno\u015bci\u0105 zachwyci ka\u017cdego, kto si\u0119 z ni\u0105 zetknie. Nasze szklane maski udowadniaj\u0105, \u017ce warto zainwestowa\u0107 w ten r\u0119cznie robiony przedmiot. Za ka\u017cdym dzie\u0142em o jako\u015bci muzealnej stoi mistrz rzemie\u015blniczy, kt\u00f3ry zag\u0142\u0119bi\u0142 si\u0119 w drobiazgi tak samo g\u0142\u0119boko, jak zainwestowa\u0142 sw\u00f3j czas i energi\u0119 w jego wykonanie. To ju\u017c pomaga zadowoli\u0107 nawet najbardziej wymagaj\u0105cych klient\u00f3w. Ta r\u0119cznie wykonana praca zosta\u0142a stworzona przez dw\u00f3ch r\u00f3\u017cnych artyst\u00f3w (pierwszy wykona\u0142 sw\u00f3j kszta\u0142t za pomoc\u0105 technik fusingu, a drugi doda\u0142 szlify rzemie\u015blnicze).<\/p>\n<p>Dzi\u0119ki wyko\u0144czeniom dw\u00f3ch artyst\u00f3w ta r\u0119cznie wykonana szklana maska b\u0119dzie eleganckim prezentem lub wa\u017cnym dodatkiem do Twojej kolekcji. B\u0119dzie wygl\u0105da\u0107 niesamowicie r\u00f3wnie\u017c na Twojej \u015bcianie.<\/p>\n","protected":false},"excerpt":{"rendered":"<p>D\u0142ugo\u015b\u0107: 18 cm<br \/>\nSzeroko\u015b\u0107: 5 cm<br \/>\nWysoko\u015b\u0107: 20 cm<\/p>\n","protected":false},"featured_media":80,"template":"","meta":[],"product_cat":[206,160,174],"product_tag":[],"_links":{"self":[{"href":"https:\/\/glassheritagecentre.com\/pl\/wp-json\/wp\/v2\/product\/3429"}],"collection":[{"href":"https:\/\/glassheritagecentre.com\/pl\/wp-json\/wp\/v2\/product"}],"about":[{"href":"https:\/\/glassheritagecentre.com\/pl\/wp-json\/wp\/v2\/types\/product"}],"wp:featuredmedia":[{"embeddable":true,"href":"https:\/\/glassheritagecentre.com\/pl\/wp-json\/wp\/v2\/media\/80"}],"wp:attachment":[{"href":"https:\/\/glassheritagecentre.com\/pl\/wp-json\/wp\/v2\/media?parent=3429"}],"wp:term":[{"taxonomy":"product_cat","embeddable":true,"href":"https:\/\/glassheritagecentre.com\/pl\/wp-json\/wp\/v2\/product_cat?post=3429"},{"taxonomy":"product_tag","embeddable":true,"href":"https:\/\/glassheritagecentre.com\/pl\/wp-json\/wp\/v2\/product_tag?post=3429"}],"curies":[{"name":"wp","href":"https:\/\/api.w.org\/{rel}","templated":true}]}}