{"id":3428,"date":"2022-07-18T13:14:47","date_gmt":"2022-07-18T11:22:06","guid":{"rendered":"https:\/\/glassheritagecentre.com\/szklana-maska-second-skin\/"},"modified":"2022-07-18T13:22:08","modified_gmt":"2022-07-18T11:22:08","slug":"szklana-maska-second-skin","status":"publish","type":"product","link":"https:\/\/glassheritagecentre.com\/pl\/szklana-maska-second-skin\/","title":{"rendered":"Szklana Maska Second Skin"},"content":{"rendered":"<p>Szklane maski s\u0105 trwa\u0142ymi symbolami od wiek\u00f3w. Reprezentuj\u0105 tajemnic\u0119, nieznane i fascynuj\u0105 swoim misternym pi\u0119knem. Dzi\u0119ki mieszance oryginalnych projekt\u00f3w i wielowiekowej klasyki oferujemy szeroki wyb\u00f3r, kt\u00f3ry zaspokoi wszystkie gusta &#8211; od ozdobnych masek po klasycznie proste.<\/p>\n<p>Maski weneckie ze szk\u0142a s\u0105 wykonywane r\u0119cznie w Centrum Dziedzictwa Szk\u0142a w Polsce. Wybierz jedn\u0105 z naszej wyj\u0105tkowej kolekcji masek, kt\u00f3re intryguj\u0105 prostymi formami i pi\u0119knym t\u0142em dla innych dekoracji. Dost\u0119pne w r\u00f3\u017cnych kszta\u0142tach i uderzaj\u0105cych kolorach, te sezonowe pi\u0119kno\u015bci s\u0105 \u015bwietnymi pomys\u0142ami na dekoracje!<\/p>\n<p>Ta r\u0119cznie wykonana szklana maska \u200b\u200bdoskonale sprawdzi si\u0119 jako dekoracyjny akcent w salonie lub przedpokoju. Wysokiej jako\u015bci konstrukcja zadowoli tych, kt\u00f3rzy lubi\u0105 rzeczy wykonane z dba\u0142o\u015bci\u0105 o ka\u017cdy detal. Ka\u017cda r\u0119cznie wykonana szklana maska \u200b\u200bma indywidualny charakter, kt\u00f3ry odzwierciedla r\u0119czne wykonanie i dba\u0142o\u015b\u0107 o szczeg\u00f3\u0142y.<\/p>\n","protected":false},"excerpt":{"rendered":"<p>D\u0142ugo\u015b\u0107: 18 cm<br \/>\nSzeroko\u015b\u0107: 5 cm<br \/>\nWysoko\u015b\u0107: 20 cm<\/p>\n","protected":false},"featured_media":71,"template":"","meta":[],"product_cat":[206,160,174],"product_tag":[],"_links":{"self":[{"href":"https:\/\/glassheritagecentre.com\/pl\/wp-json\/wp\/v2\/product\/3428"}],"collection":[{"href":"https:\/\/glassheritagecentre.com\/pl\/wp-json\/wp\/v2\/product"}],"about":[{"href":"https:\/\/glassheritagecentre.com\/pl\/wp-json\/wp\/v2\/types\/product"}],"wp:featuredmedia":[{"embeddable":true,"href":"https:\/\/glassheritagecentre.com\/pl\/wp-json\/wp\/v2\/media\/71"}],"wp:attachment":[{"href":"https:\/\/glassheritagecentre.com\/pl\/wp-json\/wp\/v2\/media?parent=3428"}],"wp:term":[{"taxonomy":"product_cat","embeddable":true,"href":"https:\/\/glassheritagecentre.com\/pl\/wp-json\/wp\/v2\/product_cat?post=3428"},{"taxonomy":"product_tag","embeddable":true,"href":"https:\/\/glassheritagecentre.com\/pl\/wp-json\/wp\/v2\/product_tag?post=3428"}],"curies":[{"name":"wp","href":"https:\/\/api.w.org\/{rel}","templated":true}]}}