{"id":3427,"date":"2022-07-18T13:14:47","date_gmt":"2022-07-18T11:22:06","guid":{"rendered":"https:\/\/glassheritagecentre.com\/szklana-maska-cosmo\/"},"modified":"2022-07-18T13:22:08","modified_gmt":"2022-07-18T11:22:08","slug":"szklana-maska-cosmo","status":"publish","type":"product","link":"https:\/\/glassheritagecentre.com\/pl\/szklana-maska-cosmo\/","title":{"rendered":"Szklana Maska Cosmo"},"content":{"rendered":"<p>Ta r\u0119cznie robiona szklana maska to absolutny must have na ka\u017cd\u0105 uroczysto\u015b\u0107 lub wydarzenie. Jej odwa\u017cne kolory idealnie poka\u017c\u0105 Twoj\u0105 kreatywn\u0105 stron\u0119! Daj si\u0119 wyr\u00f3\u017cni\u0107 w t\u0142umie zabieraj\u0105c ze sob\u0105 to pi\u0119kne szklane dzie\u0142o. Maska wenecka jest r\u0119cznie malowana i wykonywana na zam\u00f3wienie przez dw\u00f3ch mistrz\u00f3w sztuki, co gwarantuje, \u017ce nie ma dw\u00f3ch identycznych masek. Niech to osza\u0142amiaj\u0105ce dzie\u0142o sztuki podkre\u015bli Twoje imprezowe ubrania i ukoronuje Tw\u00f3j \u015bwi\u0105teczny str\u00f3j lepiej ni\u017c jakiekolwiek inne akcesorium!<\/p>\n<p>Zachwycaj\u0105ce kolory jeszcze bardziej przypomn\u0105 Ci zgie\u0142k karnawa\u0142u w Wenecji! Ta r\u0119cznie wykonana szklana maska jest absolutnym dzie\u0142em sztuki i pasuje do ka\u017cdego domu. Wykwintny detal i g\u0142\u0119bia koloru zachwyc\u0105 obserwator\u00f3w. Ta maska jest idealna dla osoby, kt\u00f3ra chce posiada\u0107 dzie\u0142o ozdobione kolorami, co przywodzi na my\u015bl zgie\u0142k i elegancj\u0119 weneckich nocy karnawa\u0142owych.<\/p>\n","protected":false},"excerpt":{"rendered":"<p>D\u0142ugo\u015b\u0107: 18 cm<br \/>\nSzeroko\u015b\u0107: 5 cm<br \/>\nWysoko\u015b\u0107: 20 cm<\/p>\n","protected":false},"featured_media":62,"template":"","meta":[],"product_cat":[206,160,174],"product_tag":[],"_links":{"self":[{"href":"https:\/\/glassheritagecentre.com\/pl\/wp-json\/wp\/v2\/product\/3427"}],"collection":[{"href":"https:\/\/glassheritagecentre.com\/pl\/wp-json\/wp\/v2\/product"}],"about":[{"href":"https:\/\/glassheritagecentre.com\/pl\/wp-json\/wp\/v2\/types\/product"}],"wp:featuredmedia":[{"embeddable":true,"href":"https:\/\/glassheritagecentre.com\/pl\/wp-json\/wp\/v2\/media\/62"}],"wp:attachment":[{"href":"https:\/\/glassheritagecentre.com\/pl\/wp-json\/wp\/v2\/media?parent=3427"}],"wp:term":[{"taxonomy":"product_cat","embeddable":true,"href":"https:\/\/glassheritagecentre.com\/pl\/wp-json\/wp\/v2\/product_cat?post=3427"},{"taxonomy":"product_tag","embeddable":true,"href":"https:\/\/glassheritagecentre.com\/pl\/wp-json\/wp\/v2\/product_tag?post=3427"}],"curies":[{"name":"wp","href":"https:\/\/api.w.org\/{rel}","templated":true}]}}