{"id":3426,"date":"2022-07-18T13:14:47","date_gmt":"2022-07-18T11:22:06","guid":{"rendered":"https:\/\/glassheritagecentre.com\/szklana-maska-fuoco\/"},"modified":"2022-07-18T13:22:07","modified_gmt":"2022-07-18T11:22:07","slug":"szklana-maska-fuoco","status":"publish","type":"product","link":"https:\/\/glassheritagecentre.com\/pl\/szklana-maska-fuoco\/","title":{"rendered":"Szklana Maska Fuoco"},"content":{"rendered":"<p>Szklana maska \u200b\u200bzosta\u0142a wykonana r\u0119cznie w Kro\u015bnie, w Polsce przez dw\u00f3ch artyst\u00f3w. Pierwszy artysta stworzy\u0142 kszta\u0142t, a drugi pomalowa\u0142 mask\u0119 efektownym wzorem. Prawdziwe arcydzie\u0142o! Dobrze by by\u0142o wykorzysta\u0107 ten wspania\u0142y, r\u0119cznie wykonany przedmiot na nast\u0119pnym karnawale.<\/p>\n<p>Po\u017cegnaj si\u0119 ze sklepowymi maskami, kt\u00f3re krzycz\u0105 &#8222;Zabra\u0142em t\u0119 tani\u0105 na Party City&#8221;! To nie jest zwyk\u0142a maska \u200b\u200b- jest wykonana z doskona\u0142ego polskiego szk\u0142a i r\u0119cznie pomalowana we wspania\u0142ych kolorach, jest idealna na ka\u017cd\u0105 imprez\u0119 kostiumow\u0105, obchody Halloween lub kostiumy festiwalowe. <\/p>\n<p>Je\u015bli szukasz prezentu, kt\u00f3ry przywo\u0142a wspomnienia z Wenecji, nie szukaj dalej ni\u017c ta r\u0119cznie malowana szklana maska. Detal i r\u00f3\u017cnorodno\u015b\u0107 kolor\u00f3w zachwyc\u0105 ka\u017cdego, kto na ni\u0105 spojrzy. Szklane maski to nasze kolejne podej\u015bcie do tradycji i innowacji, kt\u00f3rych rezultatem jest absolutne arcydzie\u0142o, kt\u00f3re z pewno\u015bci\u0105 zapiera dech w piersiach!<\/p>\n","protected":false},"excerpt":{"rendered":"<p>D\u0142ugo\u015b\u0107: 18 cm<br \/>\nSzeroko\u015b\u0107: 5 cm<br \/>\nWysoko\u015b\u0107: 20 cm<\/p>\n","protected":false},"featured_media":53,"template":"","meta":[],"product_cat":[206,160,174],"product_tag":[],"_links":{"self":[{"href":"https:\/\/glassheritagecentre.com\/pl\/wp-json\/wp\/v2\/product\/3426"}],"collection":[{"href":"https:\/\/glassheritagecentre.com\/pl\/wp-json\/wp\/v2\/product"}],"about":[{"href":"https:\/\/glassheritagecentre.com\/pl\/wp-json\/wp\/v2\/types\/product"}],"wp:featuredmedia":[{"embeddable":true,"href":"https:\/\/glassheritagecentre.com\/pl\/wp-json\/wp\/v2\/media\/53"}],"wp:attachment":[{"href":"https:\/\/glassheritagecentre.com\/pl\/wp-json\/wp\/v2\/media?parent=3426"}],"wp:term":[{"taxonomy":"product_cat","embeddable":true,"href":"https:\/\/glassheritagecentre.com\/pl\/wp-json\/wp\/v2\/product_cat?post=3426"},{"taxonomy":"product_tag","embeddable":true,"href":"https:\/\/glassheritagecentre.com\/pl\/wp-json\/wp\/v2\/product_tag?post=3426"}],"curies":[{"name":"wp","href":"https:\/\/api.w.org\/{rel}","templated":true}]}}