{"id":3559,"date":"2022-07-18T13:15:27","date_gmt":"2022-07-18T11:29:32","guid":{"rendered":"https:\/\/glassheritagecentre.com\/glasteller-pianeta\/"},"modified":"2022-07-18T13:29:36","modified_gmt":"2022-07-18T11:29:36","slug":"glasteller-pianeta","status":"publish","type":"product","link":"https:\/\/glassheritagecentre.com\/de\/glasteller-pianeta\/","title":{"rendered":"Glasteller Pianeta"},"content":{"rendered":"<p>Alles f\u00e4ngt mit einer Idee an.   Die Glasplatte kann auch heute noch das Herzst\u00fcck Ihres Tisches werden&#8230;.   denn die Phantasie ist hier die einzige Einschr\u00e4nkung!   Lassen Sie Ihrer Fantasie freien Lauf und wir helfen Ihnen, diesen Traum zu verwirklichen  eine Realit\u00e4t durch die handwerkliche Herstellung einer atemberaubenden Tischdekoration, die auch Ihre G\u00e4ste geniessen werden!<\/p>\n<p>  Das perfekte Geschenk f\u00fcr jeden Anlass.   Mit weltber\u00fchmtem Glas ist diese Platte ein originelles Kunstwerk, das ein Geschenk so einzigartig wie seinen Sch\u00f6pfer und Empf\u00e4nger machen wird.   Schenken Sie Ihren Liebsten ein einzigartiges und wundersch\u00f6nes Geschenk direkt aus Polen!   Dekorative Glasplatten sind nur ein Hauch von dem zeitgem\u00e4ssen Stil, den wir in unseren K\u00fcchen suchen \u2013 denken Sie an Obstsortimente auf unseren sch\u00f6nen Tellern oder Zimt- und Zuckergeb\u00e4ck in Honig getaucht.<\/p>\n","protected":false},"excerpt":{"rendered":"<p>L\u00e4nge: 20 cm<br \/>\nBreite: 20 cm<br \/>\nH\u00f6he: 4 cm<\/p>\n","protected":false},"featured_media":769,"template":"","meta":[],"product_cat":[193,221,205],"product_tag":[],"_links":{"self":[{"href":"https:\/\/glassheritagecentre.com\/de\/wp-json\/wp\/v2\/product\/3559"}],"collection":[{"href":"https:\/\/glassheritagecentre.com\/de\/wp-json\/wp\/v2\/product"}],"about":[{"href":"https:\/\/glassheritagecentre.com\/de\/wp-json\/wp\/v2\/types\/product"}],"wp:featuredmedia":[{"embeddable":true,"href":"https:\/\/glassheritagecentre.com\/de\/wp-json\/wp\/v2\/media\/769"}],"wp:attachment":[{"href":"https:\/\/glassheritagecentre.com\/de\/wp-json\/wp\/v2\/media?parent=3559"}],"wp:term":[{"taxonomy":"product_cat","embeddable":true,"href":"https:\/\/glassheritagecentre.com\/de\/wp-json\/wp\/v2\/product_cat?post=3559"},{"taxonomy":"product_tag","embeddable":true,"href":"https:\/\/glassheritagecentre.com\/de\/wp-json\/wp\/v2\/product_tag?post=3559"}],"curies":[{"name":"wp","href":"https:\/\/api.w.org\/{rel}","templated":true}]}}