{"id":3558,"date":"2022-07-18T13:15:27","date_gmt":"2022-07-18T11:29:32","guid":{"rendered":"https:\/\/glassheritagecentre.com\/glasteller-terra\/"},"modified":"2022-07-18T13:29:35","modified_gmt":"2022-07-18T11:29:35","slug":"glasteller-terra","status":"publish","type":"product","link":"https:\/\/glassheritagecentre.com\/de\/glasteller-terra\/","title":{"rendered":"Glasteller Terra"},"content":{"rendered":"<p>Glasplatte f\u00fcgt Eleganz zu jedem Tisch.   Es eignet sich auch gut f\u00fcr das Servieren von Sandwiches und Geb\u00e4ck mit delikaten Backwaren w\u00e4hrend des Fr\u00fchst\u00fccks im B\u00fcro oder bei einem Kaffeebesuch am Morgen mit Freunden.   Die gl\u00e4serne, glatte Oberfl\u00e4che der Servierplatten erg\u00e4nzt hervorragend Gerichte aus einer Vielzahl von Materialien, wie Metall oder Keramik.<\/p>\n<p>  Perfekt zum Servieren von Snacks zu Hause, im B\u00fcro oder bei Hochzeiten und feierlichen Anl\u00e4ssen!<\/p>\n","protected":false},"excerpt":{"rendered":"<p>L\u00e4nge: 28 cm<br \/>\nBreite: 28 cm<br \/>\nH\u00f6he: 3 cm<\/p>\n","protected":false},"featured_media":760,"template":"","meta":[],"product_cat":[193,221,205],"product_tag":[],"_links":{"self":[{"href":"https:\/\/glassheritagecentre.com\/de\/wp-json\/wp\/v2\/product\/3558"}],"collection":[{"href":"https:\/\/glassheritagecentre.com\/de\/wp-json\/wp\/v2\/product"}],"about":[{"href":"https:\/\/glassheritagecentre.com\/de\/wp-json\/wp\/v2\/types\/product"}],"wp:featuredmedia":[{"embeddable":true,"href":"https:\/\/glassheritagecentre.com\/de\/wp-json\/wp\/v2\/media\/760"}],"wp:attachment":[{"href":"https:\/\/glassheritagecentre.com\/de\/wp-json\/wp\/v2\/media?parent=3558"}],"wp:term":[{"taxonomy":"product_cat","embeddable":true,"href":"https:\/\/glassheritagecentre.com\/de\/wp-json\/wp\/v2\/product_cat?post=3558"},{"taxonomy":"product_tag","embeddable":true,"href":"https:\/\/glassheritagecentre.com\/de\/wp-json\/wp\/v2\/product_tag?post=3558"}],"curies":[{"name":"wp","href":"https:\/\/api.w.org\/{rel}","templated":true}]}}