{"id":3557,"date":"2022-07-18T13:15:27","date_gmt":"2022-07-18T11:29:32","guid":{"rendered":"https:\/\/glassheritagecentre.com\/glasteller-spara\/"},"modified":"2022-07-18T13:29:35","modified_gmt":"2022-07-18T11:29:35","slug":"glasteller-spara","status":"publish","type":"product","link":"https:\/\/glassheritagecentre.com\/de\/glasteller-spara\/","title":{"rendered":"Glasteller Spara"},"content":{"rendered":"<p>Dieses exquisite Mittelst\u00fcck ist aus luxuri\u00f6sem, filigranem Glas, das die perfekte Dekoration f\u00fcr jede Tischplatte macht.   Elegant und absolut passend f\u00fcr jedes Gericht oder den perfekten Party-Snack!<\/p>\n<p>  Glasplatten sind eine der h\u00e4ufigsten Methoden der Anzeige von Lebensmitteln auf der ganzen Welt.   Diese Glasplatte ist ein originelles Kunstwerk, das im Glass Heritage Center in Handarbeit hergestellt wurde.   Es ist eine grossartige M\u00f6glichkeit, Ihren Tisch zu dekorieren und Gourmet-Snacks wie Kuchen und Obst auf elegante Weise zu servieren.<\/p>\n","protected":false},"excerpt":{"rendered":"<p>L\u00e4nge: 28 cm<br \/>\nBreite: 28 cm<br \/>\nH\u00f6he: 3 cm<\/p>\n","protected":false},"featured_media":748,"template":"","meta":[],"product_cat":[193,221,205],"product_tag":[],"_links":{"self":[{"href":"https:\/\/glassheritagecentre.com\/de\/wp-json\/wp\/v2\/product\/3557"}],"collection":[{"href":"https:\/\/glassheritagecentre.com\/de\/wp-json\/wp\/v2\/product"}],"about":[{"href":"https:\/\/glassheritagecentre.com\/de\/wp-json\/wp\/v2\/types\/product"}],"wp:featuredmedia":[{"embeddable":true,"href":"https:\/\/glassheritagecentre.com\/de\/wp-json\/wp\/v2\/media\/748"}],"wp:attachment":[{"href":"https:\/\/glassheritagecentre.com\/de\/wp-json\/wp\/v2\/media?parent=3557"}],"wp:term":[{"taxonomy":"product_cat","embeddable":true,"href":"https:\/\/glassheritagecentre.com\/de\/wp-json\/wp\/v2\/product_cat?post=3557"},{"taxonomy":"product_tag","embeddable":true,"href":"https:\/\/glassheritagecentre.com\/de\/wp-json\/wp\/v2\/product_tag?post=3557"}],"curies":[{"name":"wp","href":"https:\/\/api.w.org\/{rel}","templated":true}]}}