{"id":3556,"date":"2022-07-18T13:15:27","date_gmt":"2022-07-18T11:29:32","guid":{"rendered":"https:\/\/glassheritagecentre.com\/glasteller-fiamma\/"},"modified":"2022-07-18T13:29:34","modified_gmt":"2022-07-18T11:29:34","slug":"glasteller-fiamma","status":"publish","type":"product","link":"https:\/\/glassheritagecentre.com\/de\/glasteller-fiamma\/","title":{"rendered":"Glasteller Fiamma"},"content":{"rendered":"<p>Wir alle wissen, dass es unm\u00f6glich ist, zu viele Glasplatten zur Hand zu haben.   Was sie betrifft \u2013 sie kommen einfach immer praktisch.   W\u00e4hlen Sie aus unseren originellen und aussergew\u00f6hnlichen Designs bis hin zu traditionellen Stilen mit erweiterten \u00d6ffnungen, um Ihre Lieblingssnacks und Desserts stilvoll und elegant zu servieren.<\/p>\n<p>  Wir garantieren Ihnen, dass Sie bei Ihrer n\u00e4chsten Veranstaltung mehr als ein paar interessante und kreative Anwendungen f\u00fcr diese atemberaubende Glasplatte finden werden.   Vom Servieren eines Dessert bis hin zu einem eleganten Abendessen, diese Platten sind perfekt f\u00fcr Gerichte f\u00fcr jeden Anlass.<\/p>\n","protected":false},"excerpt":{"rendered":"<p>L\u00e4nge: 28 cm<br \/>\nBreite: 28 cm<br \/>\nH\u00f6he: 3 cm<\/p>\n","protected":false},"featured_media":739,"template":"","meta":[],"product_cat":[193,221,205],"product_tag":[],"_links":{"self":[{"href":"https:\/\/glassheritagecentre.com\/de\/wp-json\/wp\/v2\/product\/3556"}],"collection":[{"href":"https:\/\/glassheritagecentre.com\/de\/wp-json\/wp\/v2\/product"}],"about":[{"href":"https:\/\/glassheritagecentre.com\/de\/wp-json\/wp\/v2\/types\/product"}],"wp:featuredmedia":[{"embeddable":true,"href":"https:\/\/glassheritagecentre.com\/de\/wp-json\/wp\/v2\/media\/739"}],"wp:attachment":[{"href":"https:\/\/glassheritagecentre.com\/de\/wp-json\/wp\/v2\/media?parent=3556"}],"wp:term":[{"taxonomy":"product_cat","embeddable":true,"href":"https:\/\/glassheritagecentre.com\/de\/wp-json\/wp\/v2\/product_cat?post=3556"},{"taxonomy":"product_tag","embeddable":true,"href":"https:\/\/glassheritagecentre.com\/de\/wp-json\/wp\/v2\/product_tag?post=3556"}],"curies":[{"name":"wp","href":"https:\/\/api.w.org\/{rel}","templated":true}]}}