{"id":3555,"date":"2022-07-18T13:15:27","date_gmt":"2022-07-18T11:29:32","guid":{"rendered":"https:\/\/glassheritagecentre.com\/glasteller-inverno\/"},"modified":"2022-07-18T13:29:33","modified_gmt":"2022-07-18T11:29:33","slug":"glasteller-inverno","status":"publish","type":"product","link":"https:\/\/glassheritagecentre.com\/de\/glasteller-inverno\/","title":{"rendered":"Glasteller Inverno"},"content":{"rendered":"<p>Verzaubern Sie Ihre G\u00e4ste mit unseren exquisiten, hochwertigen Servierplatten.   Das Glass Heritage Centre bietet eine Reihe von Formen und Gr\u00f6ssen, die f\u00fcr jeden Anlass perfekt sind.   Wir bieten f\u00fcr jeden etwas, ob es der neueste Trend oder ein nostalgisches Kleinod ist.   Alle Farben k\u00f6nnen individuell an Ihre Inneneinrichtung angepasst werden.<\/p>\n<p>  Glasplatten k\u00f6nnen das Leben in der K\u00fcche erleichtern und den Tisch schm\u00fccken.   Im Glass Heritage Center bieten wir original handgefertigte Mittelst\u00fccke in verschiedenen Gr\u00f6ssen und Formen an.   Egal, welche Funktion Sie die Platte bei Ihrer Veranstaltung servieren m\u00f6chten, wir k\u00f6nnen sie nur f\u00fcr Sie personalisieren.<\/p>\n","protected":false},"excerpt":{"rendered":"<p>L\u00e4nge: 28 cm<br \/>\nBreite: 28 cm<br \/>\nH\u00f6he: 3 cm<\/p>\n","protected":false},"featured_media":730,"template":"","meta":[],"product_cat":[193,221,205],"product_tag":[],"_links":{"self":[{"href":"https:\/\/glassheritagecentre.com\/de\/wp-json\/wp\/v2\/product\/3555"}],"collection":[{"href":"https:\/\/glassheritagecentre.com\/de\/wp-json\/wp\/v2\/product"}],"about":[{"href":"https:\/\/glassheritagecentre.com\/de\/wp-json\/wp\/v2\/types\/product"}],"wp:featuredmedia":[{"embeddable":true,"href":"https:\/\/glassheritagecentre.com\/de\/wp-json\/wp\/v2\/media\/730"}],"wp:attachment":[{"href":"https:\/\/glassheritagecentre.com\/de\/wp-json\/wp\/v2\/media?parent=3555"}],"wp:term":[{"taxonomy":"product_cat","embeddable":true,"href":"https:\/\/glassheritagecentre.com\/de\/wp-json\/wp\/v2\/product_cat?post=3555"},{"taxonomy":"product_tag","embeddable":true,"href":"https:\/\/glassheritagecentre.com\/de\/wp-json\/wp\/v2\/product_tag?post=3555"}],"curies":[{"name":"wp","href":"https:\/\/api.w.org\/{rel}","templated":true}]}}