{"id":3554,"date":"2022-07-18T13:15:27","date_gmt":"2022-07-18T11:29:32","guid":{"rendered":"https:\/\/glassheritagecentre.com\/glasteller-natura\/"},"modified":"2022-07-18T13:29:33","modified_gmt":"2022-07-18T11:29:33","slug":"glasteller-natura","status":"publish","type":"product","link":"https:\/\/glassheritagecentre.com\/de\/glasteller-natura\/","title":{"rendered":"Glasteller Natura"},"content":{"rendered":"<p>Zwischen Ihren Lieblingsb\u00fcchern und den sch\u00f6nsten Andenken platziert, ist ein Glasteller der perfekte Begleiter.   Es macht die langen Wintern\u00e4chte mit seinem glitzernden Gl\u00e4sern farbenfroher, bringt Familienessen auf eine neue Ebene der Begeisterung und als originelles Kunstwerk, das im The Glass Heritage Center handgefertigt wurde, macht seine zeitlose Sch\u00f6nheit jeden Anlass zu etwas Besonderem.   Mit dieser Reinheit und Raffinesse, die in jedem unserer Produkte zum Vorschein kommen, k\u00f6nnen Sie sich f\u00fcr diese elegante Art und Weise entscheiden, jedes Gericht zu servieren \u2013 egal zu welcher Jahreszeit.   Die K\u00fcnstler des GHC zeichnen sich seit \u00fcber 100 Jahren durch handwerkliches K\u00f6nnen und kreative Liebe zum Detail aus.<\/p>\n","protected":false},"excerpt":{"rendered":"<p>L\u00e4nge: 15 cm<br \/>\nBreite: 15 cm<br \/>\nH\u00f6he: 3 cm<\/p>\n","protected":false},"featured_media":718,"template":"","meta":[],"product_cat":[193,221,205],"product_tag":[],"_links":{"self":[{"href":"https:\/\/glassheritagecentre.com\/de\/wp-json\/wp\/v2\/product\/3554"}],"collection":[{"href":"https:\/\/glassheritagecentre.com\/de\/wp-json\/wp\/v2\/product"}],"about":[{"href":"https:\/\/glassheritagecentre.com\/de\/wp-json\/wp\/v2\/types\/product"}],"wp:featuredmedia":[{"embeddable":true,"href":"https:\/\/glassheritagecentre.com\/de\/wp-json\/wp\/v2\/media\/718"}],"wp:attachment":[{"href":"https:\/\/glassheritagecentre.com\/de\/wp-json\/wp\/v2\/media?parent=3554"}],"wp:term":[{"taxonomy":"product_cat","embeddable":true,"href":"https:\/\/glassheritagecentre.com\/de\/wp-json\/wp\/v2\/product_cat?post=3554"},{"taxonomy":"product_tag","embeddable":true,"href":"https:\/\/glassheritagecentre.com\/de\/wp-json\/wp\/v2\/product_tag?post=3554"}],"curies":[{"name":"wp","href":"https:\/\/api.w.org\/{rel}","templated":true}]}}