{"id":3553,"date":"2022-07-18T13:15:27","date_gmt":"2022-07-18T11:29:32","guid":{"rendered":"https:\/\/glassheritagecentre.com\/glasteller-herbs\/"},"modified":"2022-07-18T13:29:32","modified_gmt":"2022-07-18T11:29:32","slug":"glasteller-herbs","status":"publish","type":"product","link":"https:\/\/glassheritagecentre.com\/de\/glasteller-herbs\/","title":{"rendered":"Glasteller Herbs"},"content":{"rendered":"<p>Unsere Glasplatte kann Ihren Geschmack vor all Ihren Liebsten zeigen!   Ein Glasteller, auch Platte genannt, eignet sich ideal zum Servieren von kleinen Gerichten, die \u00fcblicherweise in Kuchen und Desserts verwendet werden.   Von Trauben mit K\u00e4se bestreut bis hin zu ausgefallenen Fr\u00fchst\u00fccksbackwaren, alles passt auf diese elegante Glasplatte.   Gl\u00e4serne Mittelst\u00fccke haben viele Vorteile gegen\u00fcber traditionellen Gerichten.   Sie sind langlebig und einzigartig, nicht zu schwer oder zerbrechlich wie Keramikplatten \u2013 ein Unikat in jeder Umgebung!   Halten Sie Ihren Tisch mit diesen stilvollen St\u00fccken, die Sie mit Ihnen f\u00fcr immer zu halten unterhalten.<\/p>\n","protected":false},"excerpt":{"rendered":"<p>L\u00e4nge: 20 cm<br \/>\nBreite: 20 cm<br \/>\nH\u00f6he: 4 cm<\/p>\n","protected":false},"featured_media":709,"template":"","meta":[],"product_cat":[193,221,205],"product_tag":[],"_links":{"self":[{"href":"https:\/\/glassheritagecentre.com\/de\/wp-json\/wp\/v2\/product\/3553"}],"collection":[{"href":"https:\/\/glassheritagecentre.com\/de\/wp-json\/wp\/v2\/product"}],"about":[{"href":"https:\/\/glassheritagecentre.com\/de\/wp-json\/wp\/v2\/types\/product"}],"wp:featuredmedia":[{"embeddable":true,"href":"https:\/\/glassheritagecentre.com\/de\/wp-json\/wp\/v2\/media\/709"}],"wp:attachment":[{"href":"https:\/\/glassheritagecentre.com\/de\/wp-json\/wp\/v2\/media?parent=3553"}],"wp:term":[{"taxonomy":"product_cat","embeddable":true,"href":"https:\/\/glassheritagecentre.com\/de\/wp-json\/wp\/v2\/product_cat?post=3553"},{"taxonomy":"product_tag","embeddable":true,"href":"https:\/\/glassheritagecentre.com\/de\/wp-json\/wp\/v2\/product_tag?post=3553"}],"curies":[{"name":"wp","href":"https:\/\/api.w.org\/{rel}","templated":true}]}}