{"id":3552,"date":"2022-07-18T13:15:13","date_gmt":"2022-07-18T11:29:15","guid":{"rendered":"https:\/\/glassheritagecentre.com\/glasteller-erba\/"},"modified":"2022-07-18T13:29:29","modified_gmt":"2022-07-18T11:29:29","slug":"glasteller-erba","status":"publish","type":"product","link":"https:\/\/glassheritagecentre.com\/de\/glasteller-erba\/","title":{"rendered":"Glasteller Erba"},"content":{"rendered":"<p>Glasplatten sind ideal f\u00fcr das Servieren von Speisen in jeder Umgebung.   Sie kommen in einer Vielzahl von Formen und Farben, um Ihre K\u00fcche oder Tischdekor zu erg\u00e4nzen.   Von kleinen quadratischen Tellern bis hin zu runden Tellern haben wir alles, was Sie brauchen!<\/p>\n<p>  Handgefertigte Glasplatten sind eine originelle, phantasievolle Art, Speisen f\u00fcr jeden Anlass zu servieren.   Sie tragen dazu bei, Eleganz auf Ihren Tisch zu bringen und bieten eine breite Palette von Stilen zur Auswahl, so dass Ihre Glasplatte perfekt Ihren individuellen Geschmack passt.<\/p>\n","protected":false},"excerpt":{"rendered":"<p>L\u00e4nge: 28 cm<br \/>\nBreite: 28 cm<br \/>\nH\u00f6he: 5 cm<\/p>\n","protected":false},"featured_media":700,"template":"","meta":[],"product_cat":[193,221,205],"product_tag":[],"_links":{"self":[{"href":"https:\/\/glassheritagecentre.com\/de\/wp-json\/wp\/v2\/product\/3552"}],"collection":[{"href":"https:\/\/glassheritagecentre.com\/de\/wp-json\/wp\/v2\/product"}],"about":[{"href":"https:\/\/glassheritagecentre.com\/de\/wp-json\/wp\/v2\/types\/product"}],"wp:featuredmedia":[{"embeddable":true,"href":"https:\/\/glassheritagecentre.com\/de\/wp-json\/wp\/v2\/media\/700"}],"wp:attachment":[{"href":"https:\/\/glassheritagecentre.com\/de\/wp-json\/wp\/v2\/media?parent=3552"}],"wp:term":[{"taxonomy":"product_cat","embeddable":true,"href":"https:\/\/glassheritagecentre.com\/de\/wp-json\/wp\/v2\/product_cat?post=3552"},{"taxonomy":"product_tag","embeddable":true,"href":"https:\/\/glassheritagecentre.com\/de\/wp-json\/wp\/v2\/product_tag?post=3552"}],"curies":[{"name":"wp","href":"https:\/\/api.w.org\/{rel}","templated":true}]}}