{"id":3551,"date":"2022-07-18T13:15:13","date_gmt":"2022-07-18T11:29:15","guid":{"rendered":"https:\/\/glassheritagecentre.com\/glasteller-lagoon\/"},"modified":"2022-07-18T13:29:28","modified_gmt":"2022-07-18T11:29:28","slug":"glasteller-lagoon","status":"publish","type":"product","link":"https:\/\/glassheritagecentre.com\/de\/glasteller-lagoon\/","title":{"rendered":"Glasteller Lagoon"},"content":{"rendered":"<p>Glasplatten sind eine elegante und innovative Art, Speisen zu servieren.   Sie veranschaulichen Wohnkultur mit Funktionalit\u00e4t, perfekt f\u00fcr Partys, Grillabende im Freien oder formelle Abendessen.   Verwenden Sie sie als Sauce oder Vorspeisen f\u00fcr gr\u00f6ssere Versammlungen oder einfach nur Glaswaren, die Sie jederzeit auf der Party verwenden k\u00f6nnen!<\/p>\n<p>  Ein gl\u00e4sernes Plateau ist der ideale Ort, um exquisite Snacks, Kuchen und Obst zu servieren.   Wir bieten Original-Kunstwerke der K\u00fcnstler im Glass Heritage Center an.<\/p>\n","protected":false},"excerpt":{"rendered":"<p>L\u00e4nge: 15 cm<br \/>\nBreite: 15 cm<br \/>\nH\u00f6he: 3 cm<\/p>\n","protected":false},"featured_media":688,"template":"","meta":[],"product_cat":[193,221,205],"product_tag":[],"_links":{"self":[{"href":"https:\/\/glassheritagecentre.com\/de\/wp-json\/wp\/v2\/product\/3551"}],"collection":[{"href":"https:\/\/glassheritagecentre.com\/de\/wp-json\/wp\/v2\/product"}],"about":[{"href":"https:\/\/glassheritagecentre.com\/de\/wp-json\/wp\/v2\/types\/product"}],"wp:featuredmedia":[{"embeddable":true,"href":"https:\/\/glassheritagecentre.com\/de\/wp-json\/wp\/v2\/media\/688"}],"wp:attachment":[{"href":"https:\/\/glassheritagecentre.com\/de\/wp-json\/wp\/v2\/media?parent=3551"}],"wp:term":[{"taxonomy":"product_cat","embeddable":true,"href":"https:\/\/glassheritagecentre.com\/de\/wp-json\/wp\/v2\/product_cat?post=3551"},{"taxonomy":"product_tag","embeddable":true,"href":"https:\/\/glassheritagecentre.com\/de\/wp-json\/wp\/v2\/product_tag?post=3551"}],"curies":[{"name":"wp","href":"https:\/\/api.w.org\/{rel}","templated":true}]}}