{"id":3549,"date":"2022-07-18T13:15:13","date_gmt":"2022-07-18T11:29:15","guid":{"rendered":"https:\/\/glassheritagecentre.com\/glasteller-laguna\/"},"modified":"2022-07-18T13:29:27","modified_gmt":"2022-07-18T11:29:27","slug":"glasteller-laguna","status":"publish","type":"product","link":"https:\/\/glassheritagecentre.com\/de\/glasteller-laguna\/","title":{"rendered":"Glasteller Laguna"},"content":{"rendered":"<p>Das Glaserbezentrum pr\u00e4sentiert stolz eines seiner filigransten und detailreichsten Elemente: das Glasplateau. Ein wunderbares, langlebiges und vielseitiges St\u00fcck, perfekt f\u00fcr den t\u00e4glichen und formellen Gebrauch. Ob Sie ein einfaches Wein-K\u00e4se-Meeting oder eine elegante Party mit mehrg\u00e4ngigem Men\u00fc-Service organisieren, diese tolle Erg\u00e4nzung wird Ihre G\u00e4ste begeistern und Ihrer Men\u00fcplanung vollen kreativen Ausdruck verleihen! W\u00e4hlen Sie aus unserem gro\u00dfen Angebot an Servierplatten, die jetzt online verf\u00fcgbar sind. Die streng gebundenen Platten sind elegante Beispiele minimalistischer Kunst f\u00fcr alle, die etwas suchen, das schnell auf jeden Tisch gestellt werden kann.<\/p>\n<p>Wenn Sie auf der Suche nach einem auff\u00e4lligen Plateau f\u00fcr unvergessliche Desserts, ungezwungene Familientreffen mit Freunden oder raffinierten Afternoon Teas sind, die Ihre Veranstaltung von der Masse abheben, dann sind die Glass Heritage Platten genau das Richtige f\u00fcr Sie.<\/p>\n<p>Unsere Kollektion umfasst originelle, kreative Glasst\u00fccke, die von den talentierten Kunsthandwerkern im The Glass Heritage Center mit au\u00dfergew\u00f6hnlichem K\u00f6nnen und Liebe hergestellt werden. Das Plateau-Angebot umfasst auch klassische Formen f\u00fcr unsere Kunden, die mit ihren Vorlieben nicht auffallen wollen, aber dennoch etwas optisch Beeindruckendes wollen.<\/p>\n","protected":false},"excerpt":{"rendered":"<p>L\u00e4nge: 28 cm<br \/>\nBreite: 28 cm<br \/>\nH\u00f6he: 5 cm<\/p>\n","protected":false},"featured_media":670,"template":"","meta":[],"product_cat":[193,221,205],"product_tag":[],"_links":{"self":[{"href":"https:\/\/glassheritagecentre.com\/de\/wp-json\/wp\/v2\/product\/3549"}],"collection":[{"href":"https:\/\/glassheritagecentre.com\/de\/wp-json\/wp\/v2\/product"}],"about":[{"href":"https:\/\/glassheritagecentre.com\/de\/wp-json\/wp\/v2\/types\/product"}],"wp:featuredmedia":[{"embeddable":true,"href":"https:\/\/glassheritagecentre.com\/de\/wp-json\/wp\/v2\/media\/670"}],"wp:attachment":[{"href":"https:\/\/glassheritagecentre.com\/de\/wp-json\/wp\/v2\/media?parent=3549"}],"wp:term":[{"taxonomy":"product_cat","embeddable":true,"href":"https:\/\/glassheritagecentre.com\/de\/wp-json\/wp\/v2\/product_cat?post=3549"},{"taxonomy":"product_tag","embeddable":true,"href":"https:\/\/glassheritagecentre.com\/de\/wp-json\/wp\/v2\/product_tag?post=3549"}],"curies":[{"name":"wp","href":"https:\/\/api.w.org\/{rel}","templated":true}]}}