{"id":3548,"date":"2022-07-18T13:15:13","date_gmt":"2022-07-18T11:29:15","guid":{"rendered":"https:\/\/glassheritagecentre.com\/glasteller-kayak\/"},"modified":"2022-07-18T13:29:26","modified_gmt":"2022-07-18T11:29:26","slug":"glasteller-kayak","status":"publish","type":"product","link":"https:\/\/glassheritagecentre.com\/de\/glasteller-kayak\/","title":{"rendered":"Glasteller Kayak"},"content":{"rendered":"<p>Unsere neueste Kollektion ist wundersch\u00f6n gestaltet und bietet sowohl elegante Formen als auch einfache, traditionelle Formen f\u00fcr diejenigen, die einen unkomplizierten Stil bevorzugen.   Ihr Dekor wird sich mit einem dieser unverwechselbaren Platten verwandeln und Sie werden garantiert Ihre G\u00e4ste mit dem neuesten, verf\u00fchrerisch gl\u00e4nzenden Geschirr beeindrucken.<\/p>\n<p>  Diese fein gearbeitete Glasplatte ist ein zeitloser Schatz, der das Herzst\u00fcck eines Raumes oder der perfekte Akzent f\u00fcr einen Tisch sein kann.   Seit \u00fcber 100 Jahren bietet das Glass Heritage Centre seinen Kunden kreative und originelle Entw\u00fcrfe.  Willkommen!<\/p>\n","protected":false},"excerpt":{"rendered":"<p>L\u00e4nge: 33 cm<br \/>\nBreite: 33 cm<br \/>\nH\u00f6he: 8 cm<\/p>\n","protected":false},"featured_media":658,"template":"","meta":[],"product_cat":[193,221,205],"product_tag":[],"_links":{"self":[{"href":"https:\/\/glassheritagecentre.com\/de\/wp-json\/wp\/v2\/product\/3548"}],"collection":[{"href":"https:\/\/glassheritagecentre.com\/de\/wp-json\/wp\/v2\/product"}],"about":[{"href":"https:\/\/glassheritagecentre.com\/de\/wp-json\/wp\/v2\/types\/product"}],"wp:featuredmedia":[{"embeddable":true,"href":"https:\/\/glassheritagecentre.com\/de\/wp-json\/wp\/v2\/media\/658"}],"wp:attachment":[{"href":"https:\/\/glassheritagecentre.com\/de\/wp-json\/wp\/v2\/media?parent=3548"}],"wp:term":[{"taxonomy":"product_cat","embeddable":true,"href":"https:\/\/glassheritagecentre.com\/de\/wp-json\/wp\/v2\/product_cat?post=3548"},{"taxonomy":"product_tag","embeddable":true,"href":"https:\/\/glassheritagecentre.com\/de\/wp-json\/wp\/v2\/product_tag?post=3548"}],"curies":[{"name":"wp","href":"https:\/\/api.w.org\/{rel}","templated":true}]}}