{"id":3547,"date":"2022-07-18T13:15:13","date_gmt":"2022-07-18T11:29:15","guid":{"rendered":"https:\/\/glassheritagecentre.com\/glasteller-vortice\/"},"modified":"2022-07-18T13:29:26","modified_gmt":"2022-07-18T11:29:26","slug":"glasteller-vortice","status":"publish","type":"product","link":"https:\/\/glassheritagecentre.com\/de\/glasteller-vortice\/","title":{"rendered":"Glasteller Vortice"},"content":{"rendered":"<p>Wenn Sie nach einer einzigartigen Art und Weise suchen, Ihren Tisch zu dekorieren, Essen zu servieren oder einfach nur Glasprodukte lieben, ist dieses Plateau genau das Richtige f\u00fcr Sie.   Handgefertigt, mit Liebe zum Detail, im Glaserbezentrum in Polen.   Mit seiner k\u00fcnstlerischen Raffinesse und seiner klassischen Form ist es eines unserer beliebtesten Artikel bei Kunstsammlern, Liebhabern, Feinschmeckern und Designliebhabern.<\/p>\n<p> Bekannt f\u00fcr seine Sch\u00f6nheit, ist Glass Heritage Centre spezialisiert auf benutzerdefinierte, handgefertigte Qualit\u00e4t Glas-Zentren perfekt f\u00fcr jeden Anlass.   Von originellen, aber zeitgem\u00e4ssen Formen bis hin zu klassischen, einfachen Formen bieten wir genau das, was Sie brauchen, um Ihre Veranstaltung wirklich hervorzuheben   Ob Sie eine formelle Dinnerparty veranstalten oder besondere Anl\u00e4sse mit Ihren Liebsten feiern, unser atemberaubendes Plateau wird auf jedem Tisch einen grossen Eindruck hinterlassen.<\/p>\n","protected":false},"excerpt":{"rendered":"<p>L\u00e4nge: 33 cm<br \/>\nBreite: 33 cm<br \/>\nH\u00f6he: 8 cm<\/p>\n","protected":false},"featured_media":649,"template":"","meta":[],"product_cat":[193,221,205],"product_tag":[],"_links":{"self":[{"href":"https:\/\/glassheritagecentre.com\/de\/wp-json\/wp\/v2\/product\/3547"}],"collection":[{"href":"https:\/\/glassheritagecentre.com\/de\/wp-json\/wp\/v2\/product"}],"about":[{"href":"https:\/\/glassheritagecentre.com\/de\/wp-json\/wp\/v2\/types\/product"}],"wp:featuredmedia":[{"embeddable":true,"href":"https:\/\/glassheritagecentre.com\/de\/wp-json\/wp\/v2\/media\/649"}],"wp:attachment":[{"href":"https:\/\/glassheritagecentre.com\/de\/wp-json\/wp\/v2\/media?parent=3547"}],"wp:term":[{"taxonomy":"product_cat","embeddable":true,"href":"https:\/\/glassheritagecentre.com\/de\/wp-json\/wp\/v2\/product_cat?post=3547"},{"taxonomy":"product_tag","embeddable":true,"href":"https:\/\/glassheritagecentre.com\/de\/wp-json\/wp\/v2\/product_tag?post=3547"}],"curies":[{"name":"wp","href":"https:\/\/api.w.org\/{rel}","templated":true}]}}