{"id":3546,"date":"2022-07-18T13:15:13","date_gmt":"2022-07-18T11:29:15","guid":{"rendered":"https:\/\/glassheritagecentre.com\/glasteller-vecchia\/"},"modified":"2022-07-18T13:29:25","modified_gmt":"2022-07-18T11:29:25","slug":"glasteller-vecchia","status":"publish","type":"product","link":"https:\/\/glassheritagecentre.com\/de\/glasteller-vecchia\/","title":{"rendered":"Glasteller Vecchia"},"content":{"rendered":"<p>Sie werden feststellen, dass ein Glasteller auf viele kreative Weisen in Ihrem Zuhause verwendet werden kann.   Egal, ob Sie frisches Obst und K\u00e4se ausstellen, edlen Wein servieren oder einfach nur Ihren Lieblingskuchen mit Freunden geniessen m\u00f6chten, f\u00fcr diese vielseitige Platte ist kein Gericht zu schwierig.<\/p>\n<p>  Eine sch\u00f6ne handgefertigte Platte, um Ihr Dekor zu akzentuieren.   Die ungew\u00f6hnliche Farbgebung macht es einzigartig und perfekt f\u00fcr die Dekoration Ihres Hauses oder das Servieren von Speisen bei gesellschaftlichen Anl\u00e4ssen.<\/p>\n<p>  Es ist ein bemerkenswertes und einzigartiges Kunstwerk.   Diese Glasplatte wird von den K\u00fcnstlern des Glass Heritage Center handgefertigt und hat eine wundersch\u00f6ne Farbvielfalt, die zusammen zu etwas wirklich Einzigartigem wird.<\/p>\n","protected":false},"excerpt":{"rendered":"<p>L\u00e4nge: 33 cm<br \/>\nBreite: 33 cm<br \/>\nH\u00f6he: 8 cm<\/p>\n","protected":false},"featured_media":640,"template":"","meta":[],"product_cat":[193,221,205],"product_tag":[],"_links":{"self":[{"href":"https:\/\/glassheritagecentre.com\/de\/wp-json\/wp\/v2\/product\/3546"}],"collection":[{"href":"https:\/\/glassheritagecentre.com\/de\/wp-json\/wp\/v2\/product"}],"about":[{"href":"https:\/\/glassheritagecentre.com\/de\/wp-json\/wp\/v2\/types\/product"}],"wp:featuredmedia":[{"embeddable":true,"href":"https:\/\/glassheritagecentre.com\/de\/wp-json\/wp\/v2\/media\/640"}],"wp:attachment":[{"href":"https:\/\/glassheritagecentre.com\/de\/wp-json\/wp\/v2\/media?parent=3546"}],"wp:term":[{"taxonomy":"product_cat","embeddable":true,"href":"https:\/\/glassheritagecentre.com\/de\/wp-json\/wp\/v2\/product_cat?post=3546"},{"taxonomy":"product_tag","embeddable":true,"href":"https:\/\/glassheritagecentre.com\/de\/wp-json\/wp\/v2\/product_tag?post=3546"}],"curies":[{"name":"wp","href":"https:\/\/api.w.org\/{rel}","templated":true}]}}