{"id":3545,"date":"2022-07-18T13:15:13","date_gmt":"2022-07-18T11:29:15","guid":{"rendered":"https:\/\/glassheritagecentre.com\/glasteller-bei-vecchi-tempi\/"},"modified":"2022-07-18T13:29:24","modified_gmt":"2022-07-18T11:29:24","slug":"glasteller-bei-vecchi-tempi","status":"publish","type":"product","link":"https:\/\/glassheritagecentre.com\/de\/glasteller-bei-vecchi-tempi\/","title":{"rendered":"Glasteller Bei vecchi tempi"},"content":{"rendered":"<p>Der Glasteller ist ein vielseitiges Gericht f\u00fcr das Servieren von Vorspeisen bis Salaten.  Ein sch\u00f6nes Design mit abgerundeten Kanten, Einkerbungen und Schlitzen f\u00f6rdert eine optimale Funktionalit\u00e4t und sorgt gleichzeitig f\u00fcr die \u00e4sthetische Optik der Frucht.  Es kann als Kerzenhalter, Vase oder sogar als niedlicher und schicker Potpourri Beh\u00e4lter verwendet werden!<\/p>\n<p>   Wundersch\u00f6n gestaltet und aus strapazierf\u00e4higem Glas gefertigt, eignet sich dieser Obstteller aus Glas perfekt f\u00fcr die Lebensmittel-Display oder als Kerzenhalter.  Das Design der Platte sch\u00fctzt die Frucht vor versehentlichem Bruch.  Sie k\u00f6nnen es auch auf einem Regal, Kommode oder Fensterbank, um das Innere Ihres Hauses in einer Vielzahl von M\u00f6glichkeiten zu diversifizieren.<\/p>\n","protected":false},"excerpt":{"rendered":"<p>L\u00e4nge: 33 cm<br \/>\nBreite: 33 cm<br \/>\nH\u00f6he: 8 cm<\/p>\n","protected":false},"featured_media":628,"template":"","meta":[],"product_cat":[193,221,205],"product_tag":[],"_links":{"self":[{"href":"https:\/\/glassheritagecentre.com\/de\/wp-json\/wp\/v2\/product\/3545"}],"collection":[{"href":"https:\/\/glassheritagecentre.com\/de\/wp-json\/wp\/v2\/product"}],"about":[{"href":"https:\/\/glassheritagecentre.com\/de\/wp-json\/wp\/v2\/types\/product"}],"wp:featuredmedia":[{"embeddable":true,"href":"https:\/\/glassheritagecentre.com\/de\/wp-json\/wp\/v2\/media\/628"}],"wp:attachment":[{"href":"https:\/\/glassheritagecentre.com\/de\/wp-json\/wp\/v2\/media?parent=3545"}],"wp:term":[{"taxonomy":"product_cat","embeddable":true,"href":"https:\/\/glassheritagecentre.com\/de\/wp-json\/wp\/v2\/product_cat?post=3545"},{"taxonomy":"product_tag","embeddable":true,"href":"https:\/\/glassheritagecentre.com\/de\/wp-json\/wp\/v2\/product_tag?post=3545"}],"curies":[{"name":"wp","href":"https:\/\/api.w.org\/{rel}","templated":true}]}}