{"id":3544,"date":"2022-07-18T13:15:13","date_gmt":"2022-07-18T11:29:15","guid":{"rendered":"https:\/\/glassheritagecentre.com\/glasteller-vento\/"},"modified":"2022-07-18T13:29:23","modified_gmt":"2022-07-18T11:29:23","slug":"glasteller-vento","status":"publish","type":"product","link":"https:\/\/glassheritagecentre.com\/de\/glasteller-vento\/","title":{"rendered":"Glasteller Vento"},"content":{"rendered":"<p>Das perfekte Geschenk f\u00fcr alle, die gerne unterhalten.  Bringen Sie Ihrem Tisch etwas Sch\u00f6nheit und Stil mit dieser handbemalten, dekorativen Glasplatte!  Es ist die perfekte Gr\u00f6sse f\u00fcr das Servieren von Vorspeisen, Snacks, Desserts oder eines Ihrer Lieblingsgerichte.  Ausserdem bringt das sch\u00f6ne Design Raffinesse auf jede Oberfl\u00e4che, auf der Sie es platzieren.  G\u00f6nnen Sie sich oder Ihren Lieben etwas, das ein Leben lang h\u00e4lt \u2013 bestellen Sie noch heute!<\/p>\n<p> Das Glastablett ist eine handbemalte, dekorative Platte, die Ihren Tisch mit seinem unverwechselbaren Layout erh\u00f6hen wird.  Es kann S\u00fcssigkeiten und Obst dienen oder als Dekoration f\u00fcr Ihre Wohnkultur verwendet werden.<\/p>\n","protected":false},"excerpt":{"rendered":"<p>L\u00e4nge: 33 cm<br \/>\nBreite: 33 cm<br \/>\nH\u00f6he: 8 cm<\/p>\n","protected":false},"featured_media":613,"template":"","meta":[],"product_cat":[193,221,205],"product_tag":[],"_links":{"self":[{"href":"https:\/\/glassheritagecentre.com\/de\/wp-json\/wp\/v2\/product\/3544"}],"collection":[{"href":"https:\/\/glassheritagecentre.com\/de\/wp-json\/wp\/v2\/product"}],"about":[{"href":"https:\/\/glassheritagecentre.com\/de\/wp-json\/wp\/v2\/types\/product"}],"wp:featuredmedia":[{"embeddable":true,"href":"https:\/\/glassheritagecentre.com\/de\/wp-json\/wp\/v2\/media\/613"}],"wp:attachment":[{"href":"https:\/\/glassheritagecentre.com\/de\/wp-json\/wp\/v2\/media?parent=3544"}],"wp:term":[{"taxonomy":"product_cat","embeddable":true,"href":"https:\/\/glassheritagecentre.com\/de\/wp-json\/wp\/v2\/product_cat?post=3544"},{"taxonomy":"product_tag","embeddable":true,"href":"https:\/\/glassheritagecentre.com\/de\/wp-json\/wp\/v2\/product_tag?post=3544"}],"curies":[{"name":"wp","href":"https:\/\/api.w.org\/{rel}","templated":true}]}}