{"id":3543,"date":"2022-07-18T13:15:13","date_gmt":"2022-07-18T11:29:15","guid":{"rendered":"https:\/\/glassheritagecentre.com\/glasteller-mare\/"},"modified":"2022-07-18T13:29:23","modified_gmt":"2022-07-18T11:29:23","slug":"glasteller-mare","status":"publish","type":"product","link":"https:\/\/glassheritagecentre.com\/de\/glasteller-mare\/","title":{"rendered":"Glasteller Mare"},"content":{"rendered":"<p>Glasplatten f\u00fcgen Raffinesse jedem Esstisch hinzu.   Unsere langlebigen Glasplatten gibt es in einer Vielzahl von Formen und Gr\u00f6ssen, von bescheidenem Geschirr f\u00fcr zu Hause Abendessen bis hin zu grossen Servierplatten f\u00fcr das Tragen von Lebensmitteln auf Partys.   Jedes Zimmer wurde mit Sorgfalt und Aufmerksamkeit von Meistern polnischer Handwerkskunst entworfen, was nicht nur Eleganz garantiert, sondern auch Ihre kulinarischen Anstrengungen zur Schau stellt!<\/p>\n<p>  Die Glasplatte ist das perfekte Akzentst\u00fcck f\u00fcr Ihre Tischplatte.   Sie sind eine wunderbare Dekoration, um Gerichte f\u00fcr jeden Anlass zu servieren, w\u00e4hrend Sie Ihrem Tisch zus\u00e4tzlichen Charme und Eleganz verleihen.   Perfekt in einem modernen Design, sind diese Platten in einer Vielzahl von Gr\u00f6ssen und verschiedenen Designs erh\u00e4ltlich, um die Bed\u00fcrfnisse jedes Hauses zu erf\u00fcllen!<\/p>\n","protected":false},"excerpt":{"rendered":"<p>L\u00e4nge: 33 cm<br \/>\nBreite: 33 cm<br \/>\nH\u00f6he: 8 cm<\/p>\n","protected":false},"featured_media":598,"template":"","meta":[],"product_cat":[193,221,205],"product_tag":[],"_links":{"self":[{"href":"https:\/\/glassheritagecentre.com\/de\/wp-json\/wp\/v2\/product\/3543"}],"collection":[{"href":"https:\/\/glassheritagecentre.com\/de\/wp-json\/wp\/v2\/product"}],"about":[{"href":"https:\/\/glassheritagecentre.com\/de\/wp-json\/wp\/v2\/types\/product"}],"wp:featuredmedia":[{"embeddable":true,"href":"https:\/\/glassheritagecentre.com\/de\/wp-json\/wp\/v2\/media\/598"}],"wp:attachment":[{"href":"https:\/\/glassheritagecentre.com\/de\/wp-json\/wp\/v2\/media?parent=3543"}],"wp:term":[{"taxonomy":"product_cat","embeddable":true,"href":"https:\/\/glassheritagecentre.com\/de\/wp-json\/wp\/v2\/product_cat?post=3543"},{"taxonomy":"product_tag","embeddable":true,"href":"https:\/\/glassheritagecentre.com\/de\/wp-json\/wp\/v2\/product_tag?post=3543"}],"curies":[{"name":"wp","href":"https:\/\/api.w.org\/{rel}","templated":true}]}}