{"id":3542,"date":"2022-07-18T13:15:13","date_gmt":"2022-07-18T11:29:15","guid":{"rendered":"https:\/\/glassheritagecentre.com\/glasteller-onde\/"},"modified":"2022-07-18T13:29:22","modified_gmt":"2022-07-18T11:29:22","slug":"glasteller-onde","status":"publish","type":"product","link":"https:\/\/glassheritagecentre.com\/de\/glasteller-onde\/","title":{"rendered":"Glasteller Onde"},"content":{"rendered":"<p>Das Original-Glastablett der Marke GHC in der Farbe Orange war noch nie so leicht zu finden wie hier im GHC International Store. <\/p>\n<p> Wer h\u00e4tte gedacht, dass man so viele Verwendungsm\u00f6glichkeiten f\u00fcr ein kleines Glastablett finden kann?  Diese praktischen Tabletts sind leicht und strapazierf\u00e4hig und eignen sich daher perfekt f\u00fcr den Einsatz im Innen- und Au\u00dfenbereich.  Sie k\u00f6nnen Snacks darauf auslegen, wenn Sie G\u00e4ste bei sich zu Hause empfangen, Ihre Stifte und Bleistifte im B\u00fcro organisieren, Eis an hei\u00dfen Sommertagen servieren; diese Mehrzweck-Glasschalen sind wirklich ein Geschenk, das immer wieder Freude bereitet.  Wir von GHC sind stolz darauf, die besten Glasprodukte herzustellen, die es gibt. Bei dieser Auswahl an mundgeblasenen, exklusiven Tabletts ist sicher etwas dabei, das Ihren Bed\u00fcrfnissen entspricht!<\/p>\n<p> Wir bieten viele verschiedene Farben an, so dass es nicht schwer sein wird, eine zu finden, die zu Ihrer Einrichtung passt!  Diese Tabletts sind auch ideal f\u00fcr kleine Gegenst\u00e4nde wie Schmuck usw.  Sie sind nicht nur zur Dekoration, sondern auch f\u00fcr allgemeine Organisationszwecke gedacht.<\/p>\n","protected":false},"excerpt":{"rendered":"<p>L\u00e4nge: 33 cm<br \/>\nBreite: 33 cm<br \/>\nH\u00f6he: 8 cm<\/p>\n","protected":false},"featured_media":586,"template":"","meta":[],"product_cat":[193,221,205],"product_tag":[],"_links":{"self":[{"href":"https:\/\/glassheritagecentre.com\/de\/wp-json\/wp\/v2\/product\/3542"}],"collection":[{"href":"https:\/\/glassheritagecentre.com\/de\/wp-json\/wp\/v2\/product"}],"about":[{"href":"https:\/\/glassheritagecentre.com\/de\/wp-json\/wp\/v2\/types\/product"}],"wp:featuredmedia":[{"embeddable":true,"href":"https:\/\/glassheritagecentre.com\/de\/wp-json\/wp\/v2\/media\/586"}],"wp:attachment":[{"href":"https:\/\/glassheritagecentre.com\/de\/wp-json\/wp\/v2\/media?parent=3542"}],"wp:term":[{"taxonomy":"product_cat","embeddable":true,"href":"https:\/\/glassheritagecentre.com\/de\/wp-json\/wp\/v2\/product_cat?post=3542"},{"taxonomy":"product_tag","embeddable":true,"href":"https:\/\/glassheritagecentre.com\/de\/wp-json\/wp\/v2\/product_tag?post=3542"}],"curies":[{"name":"wp","href":"https:\/\/api.w.org\/{rel}","templated":true}]}}