{"id":3541,"date":"2022-07-18T13:15:13","date_gmt":"2022-07-18T11:29:15","guid":{"rendered":"https:\/\/glassheritagecentre.com\/glasteller-velluto-arancione\/"},"modified":"2022-07-18T13:29:21","modified_gmt":"2022-07-18T11:29:21","slug":"glasteller-velluto-arancione","status":"publish","type":"product","link":"https:\/\/glassheritagecentre.com\/de\/glasteller-velluto-arancione\/","title":{"rendered":"Glasteller Velluto Arancione"},"content":{"rendered":"<p>Zeigen Sie Ihre sch\u00f6ne Platte und verwenden Sie sie f\u00fcr jeden Anlass.   Handgefertigte Glaswaren in mehrfarbigen Mustern sind einzigartig und perfekt f\u00fcr jeden Anlass zu Hause oder im professionellen Umfeld.   Pr\u00e4sentieren Sie Ihren G\u00e4sten dieses elegante und moderne St\u00fcck in der Hoffnung, dass sie das gleiche Gef\u00fchl der Wertsch\u00e4tzung teilen, das Sie daf\u00fcr haben!   Es kommt mit einem eigenen Echtheitszertifikat, das garantiert, dass Sie ein authentisches Produkt kaufen!<\/p>\n<p>  Eine wundersch\u00f6ne Glasplatte von K\u00fcnstlern aus dem Glass Heritage Centre.   Die ungew\u00f6hnliche Farbkombination macht diese Platte einzigartig und perfekt f\u00fcr die Dekoration Ihres Hauses oder das Servieren von Speisen.   Perfekt f\u00fcr ein Geschenk!   Jedes Produkt wird mit einem eigenen Echtheitszertifikat geliefert.<\/p>\n","protected":false},"excerpt":{"rendered":"<p>L\u00e4nge: 33 cm<br \/>\nBreite: 33 cm<br \/>\nH\u00f6he: 8 cm<\/p>\n","protected":false},"featured_media":577,"template":"","meta":[],"product_cat":[193,221,205],"product_tag":[],"_links":{"self":[{"href":"https:\/\/glassheritagecentre.com\/de\/wp-json\/wp\/v2\/product\/3541"}],"collection":[{"href":"https:\/\/glassheritagecentre.com\/de\/wp-json\/wp\/v2\/product"}],"about":[{"href":"https:\/\/glassheritagecentre.com\/de\/wp-json\/wp\/v2\/types\/product"}],"wp:featuredmedia":[{"embeddable":true,"href":"https:\/\/glassheritagecentre.com\/de\/wp-json\/wp\/v2\/media\/577"}],"wp:attachment":[{"href":"https:\/\/glassheritagecentre.com\/de\/wp-json\/wp\/v2\/media?parent=3541"}],"wp:term":[{"taxonomy":"product_cat","embeddable":true,"href":"https:\/\/glassheritagecentre.com\/de\/wp-json\/wp\/v2\/product_cat?post=3541"},{"taxonomy":"product_tag","embeddable":true,"href":"https:\/\/glassheritagecentre.com\/de\/wp-json\/wp\/v2\/product_tag?post=3541"}],"curies":[{"name":"wp","href":"https:\/\/api.w.org\/{rel}","templated":true}]}}