{"id":3540,"date":"2022-07-18T13:15:13","date_gmt":"2022-07-18T11:29:15","guid":{"rendered":"https:\/\/glassheritagecentre.com\/glasteller-paesaggio\/"},"modified":"2022-07-18T13:29:21","modified_gmt":"2022-07-18T11:29:21","slug":"glasteller-paesaggio","status":"publish","type":"product","link":"https:\/\/glassheritagecentre.com\/de\/glasteller-paesaggio\/","title":{"rendered":"Glasteller Paesaggio"},"content":{"rendered":"<p>Glasplatten k\u00f6nnen einen stilvollen Akzent zu jedem Tisch, Bankett oder intimen Dinner-Party im Komfort Ihres eigenen Heims.   Sie werden in Krosno von Handwerker mit jahrelanger Erfahrung in der Sch\u00f6nheit des Alltags durch die Pr\u00e4sentation von Vasen, Servierplatten und anderen Glasbeh\u00e4ltern hergestellt.<\/p>\n<p>  Glasplatten sind f\u00fcr den t\u00e4glichen Gebrauch konzipiert und bieten den perfekten letzten Schliff zu Vorspeisen auf Partys.   Sie lassen das Essen einladender aussehen.<\/p>\n<p>  Wundersch\u00f6n, elegant, praktisch.   In verschiedenen Gr\u00f6ssen und Formen f\u00fcr jeden Bedarf.   Eine wundersch\u00f6ne Dekoration, die auf Ihrer n\u00e4chsten Party oder Veranstaltung ins Auge f\u00e4llt!<\/p>\n","protected":false},"excerpt":{"rendered":"<p>L\u00e4nge: 33 cm<br \/>\nBreite: 33 cm<br \/>\nH\u00f6he: 8 cm<\/p>\n","protected":false},"featured_media":565,"template":"","meta":[],"product_cat":[193,221,205],"product_tag":[],"_links":{"self":[{"href":"https:\/\/glassheritagecentre.com\/de\/wp-json\/wp\/v2\/product\/3540"}],"collection":[{"href":"https:\/\/glassheritagecentre.com\/de\/wp-json\/wp\/v2\/product"}],"about":[{"href":"https:\/\/glassheritagecentre.com\/de\/wp-json\/wp\/v2\/types\/product"}],"wp:featuredmedia":[{"embeddable":true,"href":"https:\/\/glassheritagecentre.com\/de\/wp-json\/wp\/v2\/media\/565"}],"wp:attachment":[{"href":"https:\/\/glassheritagecentre.com\/de\/wp-json\/wp\/v2\/media?parent=3540"}],"wp:term":[{"taxonomy":"product_cat","embeddable":true,"href":"https:\/\/glassheritagecentre.com\/de\/wp-json\/wp\/v2\/product_cat?post=3540"},{"taxonomy":"product_tag","embeddable":true,"href":"https:\/\/glassheritagecentre.com\/de\/wp-json\/wp\/v2\/product_tag?post=3540"}],"curies":[{"name":"wp","href":"https:\/\/api.w.org\/{rel}","templated":true}]}}