{"id":3539,"date":"2022-07-18T13:15:13","date_gmt":"2022-07-18T11:29:15","guid":{"rendered":"https:\/\/glassheritagecentre.com\/glasteller-viola\/"},"modified":"2022-07-18T13:29:20","modified_gmt":"2022-07-18T11:29:20","slug":"glasteller-viola","status":"publish","type":"product","link":"https:\/\/glassheritagecentre.com\/de\/glasteller-viola\/","title":{"rendered":"Glasteller Viola"},"content":{"rendered":"<p>Diese farbenfrohe Platte ist ein Prunkst\u00fcck, das jahrelang erhalten bleibt.  Seine Sch\u00f6pfer verwenden uralte Glasbl\u00e4sertechniken, um dieses faszinierende Design zu schaffen.  Wundersch\u00f6n verpackt und mit einem Echtheitszertifikat versehen, ist sie eine elegante Wahl als Geschenk oder als Wohndekoration.<\/p>\n<p> Das Glass Heritage Center ist stolz darauf, seine Glaskunstwerke der Welt zu pr\u00e4sentieren.  Dieses exquisite Kunstwerk aus handgefertigtem Glas erstrahlt in jedem Raum.  Inspirieren Sie Ihre G\u00e4ste mit einer dekorativen Platte von den preisgekr\u00f6nten K\u00fcnstlern und Kunsthandwerkern des Glass Heritage Centre, und sie werden sie sicher f\u00fcr immer lieben.<\/p>\n","protected":false},"excerpt":{"rendered":"<p>L\u00e4nge: 33 cm<br \/>\nBreite: 33 cm<br \/>\nH\u00f6he: 8 cm<\/p>\n","protected":false},"featured_media":553,"template":"","meta":[],"product_cat":[193,221,205],"product_tag":[],"_links":{"self":[{"href":"https:\/\/glassheritagecentre.com\/de\/wp-json\/wp\/v2\/product\/3539"}],"collection":[{"href":"https:\/\/glassheritagecentre.com\/de\/wp-json\/wp\/v2\/product"}],"about":[{"href":"https:\/\/glassheritagecentre.com\/de\/wp-json\/wp\/v2\/types\/product"}],"wp:featuredmedia":[{"embeddable":true,"href":"https:\/\/glassheritagecentre.com\/de\/wp-json\/wp\/v2\/media\/553"}],"wp:attachment":[{"href":"https:\/\/glassheritagecentre.com\/de\/wp-json\/wp\/v2\/media?parent=3539"}],"wp:term":[{"taxonomy":"product_cat","embeddable":true,"href":"https:\/\/glassheritagecentre.com\/de\/wp-json\/wp\/v2\/product_cat?post=3539"},{"taxonomy":"product_tag","embeddable":true,"href":"https:\/\/glassheritagecentre.com\/de\/wp-json\/wp\/v2\/product_tag?post=3539"}],"curies":[{"name":"wp","href":"https:\/\/api.w.org\/{rel}","templated":true}]}}