{"id":3538,"date":"2022-07-18T13:15:13","date_gmt":"2022-07-18T11:29:15","guid":{"rendered":"https:\/\/glassheritagecentre.com\/glasteller-abisso\/"},"modified":"2022-07-18T13:29:19","modified_gmt":"2022-07-18T11:29:19","slug":"glasteller-abisso","status":"publish","type":"product","link":"https:\/\/glassheritagecentre.com\/de\/glasteller-abisso\/","title":{"rendered":"Glasteller Abisso"},"content":{"rendered":"<p>In einer Welt, in der gutes Essen das gute Leben definiert, sind unsere Servierplatten alles, was Sie brauchen.   Servierplatten kommen in eine Vielzahl von Formen und Gr\u00f6ssen, mit einem gemeinsamen Punkt: ihre Praktikabilit\u00e4t!   Verwenden Sie das Glas, um Desserts oder Obst f\u00fcr ein raffiniertes Abendessen zu servieren.   Werfen Sie noch heute einen Blick auf das gesamte Sortiment an Gl\u00e4sern im GHC Online-Shop!<\/p>\n<p>  Glasplatten sind eine grossartige M\u00f6glichkeit, sauberen, eleganten Stil zu Ihrer Tischdekoration hinzuzuf\u00fcgen.   Wir bieten n\u00fctzliche Speiseplatten und attraktive dekorative St\u00fccke, die jede Tischplatte elegant beenden.   Jedes unserer Glasprodukte wurde individuell in Polen aus den hochwertigsten Materialien entworfen.<\/p>\n","protected":false},"excerpt":{"rendered":"<p>L\u00e4nge: 33 cm<br \/>\nBreite: 33 cm<br \/>\nH\u00f6he: 8 cm<\/p>\n","protected":false},"featured_media":541,"template":"","meta":[],"product_cat":[193,221,205],"product_tag":[],"_links":{"self":[{"href":"https:\/\/glassheritagecentre.com\/de\/wp-json\/wp\/v2\/product\/3538"}],"collection":[{"href":"https:\/\/glassheritagecentre.com\/de\/wp-json\/wp\/v2\/product"}],"about":[{"href":"https:\/\/glassheritagecentre.com\/de\/wp-json\/wp\/v2\/types\/product"}],"wp:featuredmedia":[{"embeddable":true,"href":"https:\/\/glassheritagecentre.com\/de\/wp-json\/wp\/v2\/media\/541"}],"wp:attachment":[{"href":"https:\/\/glassheritagecentre.com\/de\/wp-json\/wp\/v2\/media?parent=3538"}],"wp:term":[{"taxonomy":"product_cat","embeddable":true,"href":"https:\/\/glassheritagecentre.com\/de\/wp-json\/wp\/v2\/product_cat?post=3538"},{"taxonomy":"product_tag","embeddable":true,"href":"https:\/\/glassheritagecentre.com\/de\/wp-json\/wp\/v2\/product_tag?post=3538"}],"curies":[{"name":"wp","href":"https:\/\/api.w.org\/{rel}","templated":true}]}}