{"id":3537,"date":"2022-07-18T13:15:13","date_gmt":"2022-07-18T11:29:15","guid":{"rendered":"https:\/\/glassheritagecentre.com\/glasteller-fuoco\/"},"modified":"2022-07-18T13:29:19","modified_gmt":"2022-07-18T11:29:19","slug":"glasteller-fuoco","status":"publish","type":"product","link":"https:\/\/glassheritagecentre.com\/de\/glasteller-fuoco\/","title":{"rendered":"Glasteller Fuoco"},"content":{"rendered":"<p>Diese Platte ist f\u00fcr alle, die Farben und Formen lieben.  Der Teller hat keinen festen Durchmesser, was ihn zu einem wahren k\u00fcnstlerischen Meisterwerk macht, das man gerne in seinem Zuhause ausstellt.  Stellen Sie sich dieses Geschirr bei Ihrer n\u00e4chsten Dinnerparty vor &#8211; gibt es viele andere Teller, die genauso sch\u00f6n sind?  Diese Form der Glaskunst hat eine jahrhundertealte Tradition, und wenn Sie ein einzigartiges St\u00fcck haben m\u00f6chten, sollten Sie nicht warten: Unser Angebot wird nicht lange halten!<\/p>\n<p> Die sch\u00f6nen Farben der Glaswaren des Glass Heritage Centre machen diesen einzigartigen Glasteller perfekt f\u00fcr eine Party.  Er ist nicht nur funktional, sondern auch ein echter Blickfang und \u00e4sthetisch ansprechend.  Kaufen Sie diesen wundersch\u00f6nen Teller mit Echtheitszertifikat noch heute!<\/p>\n","protected":false},"excerpt":{"rendered":"<p>L\u00e4nge: 33 cm<br \/>\nBreite: 33 cm<br \/>\nH\u00f6he: 8 cm<\/p>\n","protected":false},"featured_media":529,"template":"","meta":[],"product_cat":[193,221,205],"product_tag":[],"_links":{"self":[{"href":"https:\/\/glassheritagecentre.com\/de\/wp-json\/wp\/v2\/product\/3537"}],"collection":[{"href":"https:\/\/glassheritagecentre.com\/de\/wp-json\/wp\/v2\/product"}],"about":[{"href":"https:\/\/glassheritagecentre.com\/de\/wp-json\/wp\/v2\/types\/product"}],"wp:featuredmedia":[{"embeddable":true,"href":"https:\/\/glassheritagecentre.com\/de\/wp-json\/wp\/v2\/media\/529"}],"wp:attachment":[{"href":"https:\/\/glassheritagecentre.com\/de\/wp-json\/wp\/v2\/media?parent=3537"}],"wp:term":[{"taxonomy":"product_cat","embeddable":true,"href":"https:\/\/glassheritagecentre.com\/de\/wp-json\/wp\/v2\/product_cat?post=3537"},{"taxonomy":"product_tag","embeddable":true,"href":"https:\/\/glassheritagecentre.com\/de\/wp-json\/wp\/v2\/product_tag?post=3537"}],"curies":[{"name":"wp","href":"https:\/\/api.w.org\/{rel}","templated":true}]}}