{"id":3533,"date":"2022-07-18T13:15:13","date_gmt":"2022-07-18T11:29:15","guid":{"rendered":"https:\/\/glassheritagecentre.com\/glasornament-tre\/"},"modified":"2022-07-18T13:29:16","modified_gmt":"2022-07-18T11:29:16","slug":"glasornament-tre","status":"publish","type":"product","link":"https:\/\/glassheritagecentre.com\/de\/glasornament-tre\/","title":{"rendered":"Glasornament Tre"},"content":{"rendered":"<p>Glasfiguren: elegante und schicke Geschenke f\u00fcr jeden Anlass.   Diese Designer anpassbare Glasstatuette ist auch eine gute Option, wenn Sie nach einer guten M\u00f6glichkeit suchen, jemand Besonderes mit einem Zeichen der Wertsch\u00e4tzung zu \u00fcberraschen.   Wenn man sich solche Liebe zum Detail vorstellt, wird klar, wie diese makellosen St\u00fccke so erstaunliche Erg\u00e4nzungen zu jeder Kollektion machen!<\/p>\n<p>  Glasfiguren sehen nicht nur fantastisch aus, sondern sie stehen auch f\u00fcr Exzellenz.   Das perfekte Geschenk f\u00fcr einen beliebten Mitarbeiter, talentierten Studenten oder Chef.   W\u00e4hlen Sie aus unserer grossen Auswahl an Glasfiguren in verschiedenen Farbt\u00f6nen und Designs, um die perfekte f\u00fcr Sie zu finden!<\/p>\n","protected":false},"excerpt":{"rendered":"<p>L\u00e4nge: 23 cm<br \/>\nBreite: 3 cm<br \/>\nH\u00f6he: 23 cm<\/p>\n","protected":false},"featured_media":496,"template":"","meta":[],"product_cat":[147,141,205],"product_tag":[],"_links":{"self":[{"href":"https:\/\/glassheritagecentre.com\/de\/wp-json\/wp\/v2\/product\/3533"}],"collection":[{"href":"https:\/\/glassheritagecentre.com\/de\/wp-json\/wp\/v2\/product"}],"about":[{"href":"https:\/\/glassheritagecentre.com\/de\/wp-json\/wp\/v2\/types\/product"}],"wp:featuredmedia":[{"embeddable":true,"href":"https:\/\/glassheritagecentre.com\/de\/wp-json\/wp\/v2\/media\/496"}],"wp:attachment":[{"href":"https:\/\/glassheritagecentre.com\/de\/wp-json\/wp\/v2\/media?parent=3533"}],"wp:term":[{"taxonomy":"product_cat","embeddable":true,"href":"https:\/\/glassheritagecentre.com\/de\/wp-json\/wp\/v2\/product_cat?post=3533"},{"taxonomy":"product_tag","embeddable":true,"href":"https:\/\/glassheritagecentre.com\/de\/wp-json\/wp\/v2\/product_tag?post=3533"}],"curies":[{"name":"wp","href":"https:\/\/api.w.org\/{rel}","templated":true}]}}