{"id":3532,"date":"2022-07-18T13:14:59","date_gmt":"2022-07-18T11:29:00","guid":{"rendered":"https:\/\/glassheritagecentre.com\/glasteller-il-cioccolato-della-regina\/"},"modified":"2022-07-18T13:29:13","modified_gmt":"2022-07-18T11:29:13","slug":"glasteller-il-cioccolato-della-regina","status":"publish","type":"product","link":"https:\/\/glassheritagecentre.com\/de\/glasteller-il-cioccolato-della-regina\/","title":{"rendered":"Glasteller Il cioccolato della regina"},"content":{"rendered":"<p>Diese braune Glasplatte sorgt f\u00fcr eine kreative, farbenfrohe Dekoration in Ihrem Zuhause.   Hergestellt aus dem hochwertigsten mundgeblasenen Glas, das Sie heute auf dem Markt finden k\u00f6nnen, wird dieses St\u00fcck daf\u00fcr sorgen, dass Ihr Zuhause immer einen gewissen k\u00fcnstlerischen Wert hat.   Von der glatten, bandartigen Glasscheibe bis hin zu den komplizierten Mustern, die in diesem Kunstwerk zu finden sind &#8211; es ist nicht zu leugnen, dass die Glash\u00fctte Krosno etwas Wundersch\u00f6nes geschaffen hat!<\/p>\n<p> Mit einer solchen handgefertigten Bronzeplatte aus mundgeblasenem Glas verleiht die Glash\u00fctte Krosno ihren Produkten ein elegantes Aussehen.  Entdecken Sie, was diese sch\u00f6nen Akzente f\u00fcr Ihr Zuhause oder Ihre Geschenkideen leisten k\u00f6nnen!<\/p>\n","protected":false},"excerpt":{"rendered":"<p>L\u00e4nge: 50 cm<br \/>\nBreite: 18 cm<br \/>\nH\u00f6he: 20 cm<\/p>\n","protected":false},"featured_media":481,"template":"","meta":[],"product_cat":[205],"product_tag":[],"_links":{"self":[{"href":"https:\/\/glassheritagecentre.com\/de\/wp-json\/wp\/v2\/product\/3532"}],"collection":[{"href":"https:\/\/glassheritagecentre.com\/de\/wp-json\/wp\/v2\/product"}],"about":[{"href":"https:\/\/glassheritagecentre.com\/de\/wp-json\/wp\/v2\/types\/product"}],"wp:featuredmedia":[{"embeddable":true,"href":"https:\/\/glassheritagecentre.com\/de\/wp-json\/wp\/v2\/media\/481"}],"wp:attachment":[{"href":"https:\/\/glassheritagecentre.com\/de\/wp-json\/wp\/v2\/media?parent=3532"}],"wp:term":[{"taxonomy":"product_cat","embeddable":true,"href":"https:\/\/glassheritagecentre.com\/de\/wp-json\/wp\/v2\/product_cat?post=3532"},{"taxonomy":"product_tag","embeddable":true,"href":"https:\/\/glassheritagecentre.com\/de\/wp-json\/wp\/v2\/product_tag?post=3532"}],"curies":[{"name":"wp","href":"https:\/\/api.w.org\/{rel}","templated":true}]}}