{"id":3531,"date":"2022-07-18T13:14:59","date_gmt":"2022-07-18T11:29:00","guid":{"rendered":"https:\/\/glassheritagecentre.com\/glasvase-erba\/"},"modified":"2022-07-18T13:29:12","modified_gmt":"2022-07-18T11:29:12","slug":"glasvase-erba","status":"publish","type":"product","link":"https:\/\/glassheritagecentre.com\/de\/glasvase-erba\/","title":{"rendered":"Glasvase Erba"},"content":{"rendered":"<p>Unsere Vasen kommen in verschiedenen Formen und Formen, sind aus hochwertigem Glas gefertigt, haben eine Vielzahl von Farben, Designs und Gr\u00f6ssen.   Diese Vase wurde von den K\u00fcnstlern des Glass Heritage Center handgefertigt.   Es ist ideal f\u00fcr diejenigen, die Flair in ihr Zimmer hinzuf\u00fcgen wollen!<\/p>\n<p>  Alle Glasvasen von GHC eignen sich perfekt f\u00fcr jeden Tisch, Schreibtisch oder Kamin.   Solche eleganten Formen kommen in mehreren verschiedenen Farbschemata.   Perfekt f\u00fcr ein B\u00fcro, in dem Stil wichtig ist.   Die Vase ist auch f\u00fcr noch formellere Anl\u00e4sse konzipiert, die ein wenig traditionelleres Flair erfordern.<\/p>\n","protected":false},"excerpt":{"rendered":"<p>L\u00e4nge: 15 cm<br \/>\nBreite: 15 cm<br \/>\nH\u00f6he: 13 cm<\/p>\n","protected":false},"featured_media":469,"template":"","meta":[],"product_cat":[205],"product_tag":[],"_links":{"self":[{"href":"https:\/\/glassheritagecentre.com\/de\/wp-json\/wp\/v2\/product\/3531"}],"collection":[{"href":"https:\/\/glassheritagecentre.com\/de\/wp-json\/wp\/v2\/product"}],"about":[{"href":"https:\/\/glassheritagecentre.com\/de\/wp-json\/wp\/v2\/types\/product"}],"wp:featuredmedia":[{"embeddable":true,"href":"https:\/\/glassheritagecentre.com\/de\/wp-json\/wp\/v2\/media\/469"}],"wp:attachment":[{"href":"https:\/\/glassheritagecentre.com\/de\/wp-json\/wp\/v2\/media?parent=3531"}],"wp:term":[{"taxonomy":"product_cat","embeddable":true,"href":"https:\/\/glassheritagecentre.com\/de\/wp-json\/wp\/v2\/product_cat?post=3531"},{"taxonomy":"product_tag","embeddable":true,"href":"https:\/\/glassheritagecentre.com\/de\/wp-json\/wp\/v2\/product_tag?post=3531"}],"curies":[{"name":"wp","href":"https:\/\/api.w.org\/{rel}","templated":true}]}}