{"id":3530,"date":"2022-07-18T13:14:59","date_gmt":"2022-07-18T11:29:00","guid":{"rendered":"https:\/\/glassheritagecentre.com\/glasvase-natura\/"},"modified":"2022-07-18T13:29:11","modified_gmt":"2022-07-18T11:29:11","slug":"glasvase-natura","status":"publish","type":"product","link":"https:\/\/glassheritagecentre.com\/de\/glasvase-natura\/","title":{"rendered":"Glasvase Natura"},"content":{"rendered":"<p>Dekorative Glasvase.   Es ist aus hochwertigem Glas gefertigt und kommt in einer Vielzahl von Farben, Designs und Gr\u00f6ssen.   Das Glass Heritage Center hat dieses Produkt aus zuverl\u00e4ssigen Quellen hergestellt, die die perfekte Garnierung f\u00fcr jede Tischdekoration bilden.   Diese exquisite Dekoration wird von talentierten K\u00fcnstlern handgefertigt, die ihre Leidenschaft in jedes St\u00fcck setzen, das sie durch detaillierte Designs und feine Verzierungen schaffen, um dringend ben\u00f6tigte \u00e4sthetischen Charme zu den H\u00e4usern der Menschen hinzuzuf\u00fcgen!<\/p>\n<p>  Das ist die perfekte dekorative Vase!   Diese dekorativen Vasen gibt es in allen Formen und Gr\u00f6ssen.   Egal, welches Zimmer in Ihrem Haus diese Sch\u00f6nheiten passen mit ihm zusammen.   Um zu verstehen, warum diese Vasen f\u00fcr uns so besonders sind, schauen Sie sich an, wie sie von K\u00fcnstlern aus vergangenen Jahrhunderten hergestellt wurden.   Wenn Sie ihre Werke sehen, werden Sie wissen, dass es nicht nur eine Dekoration f\u00fcr M\u00f6bel oder Geschirr, sondern etwas wahrhaft Magisches ist!<\/p>\n","protected":false},"excerpt":{"rendered":"<p>L\u00e4nge: 9 cm<br \/>\nBreite: 9 cm<br \/>\nH\u00f6he: 16 cm<\/p>\n","protected":false},"featured_media":460,"template":"","meta":[],"product_cat":[205],"product_tag":[],"_links":{"self":[{"href":"https:\/\/glassheritagecentre.com\/de\/wp-json\/wp\/v2\/product\/3530"}],"collection":[{"href":"https:\/\/glassheritagecentre.com\/de\/wp-json\/wp\/v2\/product"}],"about":[{"href":"https:\/\/glassheritagecentre.com\/de\/wp-json\/wp\/v2\/types\/product"}],"wp:featuredmedia":[{"embeddable":true,"href":"https:\/\/glassheritagecentre.com\/de\/wp-json\/wp\/v2\/media\/460"}],"wp:attachment":[{"href":"https:\/\/glassheritagecentre.com\/de\/wp-json\/wp\/v2\/media?parent=3530"}],"wp:term":[{"taxonomy":"product_cat","embeddable":true,"href":"https:\/\/glassheritagecentre.com\/de\/wp-json\/wp\/v2\/product_cat?post=3530"},{"taxonomy":"product_tag","embeddable":true,"href":"https:\/\/glassheritagecentre.com\/de\/wp-json\/wp\/v2\/product_tag?post=3530"}],"curies":[{"name":"wp","href":"https:\/\/api.w.org\/{rel}","templated":true}]}}