{"id":3529,"date":"2022-07-18T13:14:59","date_gmt":"2022-07-18T11:29:00","guid":{"rendered":"https:\/\/glassheritagecentre.com\/glasvase-cera\/"},"modified":"2022-07-18T13:29:11","modified_gmt":"2022-07-18T11:29:11","slug":"glasvase-cera","status":"publish","type":"product","link":"https:\/\/glassheritagecentre.com\/de\/glasvase-cera\/","title":{"rendered":"Glasvase Cera"},"content":{"rendered":"<p>Aus hochwertigem, kratzfestem Glas.   Wundersch\u00f6n von talentierten Handwerkern, deren Ziel es ist, die perfekte Darstellung ihrer eigenen Kultur in jedem St\u00fcck zu schaffen.   Diese handwerklichen Vasen wurden \u00fcber Jahrzehnte sorgf\u00e4ltig gefertigt und haben ein grosses Verst\u00e4ndnis f\u00fcr die Raffinesse und das Design, das f\u00fcr den Job ben\u00f6tigt wird.<\/p>\n<p>  Gibt es eine bessere M\u00f6glichkeit, Farbe in Ihr Zuhause zu bringen, als mit einer dieser Glasvasen?   Funky Designs k\u00f6nnen auch mit traditionellen Designs kombiniert werden, indem wir unseren Farbprozess verwenden, der ein tief ges\u00e4ttigtes Finish bietet, wenn es bei \u00fcber 650 Grad Fahrenheit gebrannt wird.   Diese Vase kann nicht nur als Tischdekoration dienen, sondern auch als Raum, um Ihre Lieblingsblumen zu arrangieren.<\/p>\n<p>  Dieses Produkt ist perfekt f\u00fcr jeden Innenraum.   Sie kommen in vielen Formen und Gr\u00f6ssen, so dass Sie nicht haben, um \u00fcber das Auslaufen von Optionen, wenn Sie Ihr Haus dekorieren!   Sie finden sie in Gesch\u00e4ften oder Online-Shop.<\/p>\n","protected":false},"excerpt":{"rendered":"<p>L\u00e4nge: 9 cm<br \/>\nBreite: 9 cm<br \/>\nH\u00f6he: 18 cm<\/p>\n","protected":false},"featured_media":451,"template":"","meta":[],"product_cat":[205],"product_tag":[],"_links":{"self":[{"href":"https:\/\/glassheritagecentre.com\/de\/wp-json\/wp\/v2\/product\/3529"}],"collection":[{"href":"https:\/\/glassheritagecentre.com\/de\/wp-json\/wp\/v2\/product"}],"about":[{"href":"https:\/\/glassheritagecentre.com\/de\/wp-json\/wp\/v2\/types\/product"}],"wp:featuredmedia":[{"embeddable":true,"href":"https:\/\/glassheritagecentre.com\/de\/wp-json\/wp\/v2\/media\/451"}],"wp:attachment":[{"href":"https:\/\/glassheritagecentre.com\/de\/wp-json\/wp\/v2\/media?parent=3529"}],"wp:term":[{"taxonomy":"product_cat","embeddable":true,"href":"https:\/\/glassheritagecentre.com\/de\/wp-json\/wp\/v2\/product_cat?post=3529"},{"taxonomy":"product_tag","embeddable":true,"href":"https:\/\/glassheritagecentre.com\/de\/wp-json\/wp\/v2\/product_tag?post=3529"}],"curies":[{"name":"wp","href":"https:\/\/api.w.org\/{rel}","templated":true}]}}