{"id":3528,"date":"2022-07-18T13:14:59","date_gmt":"2022-07-18T11:29:00","guid":{"rendered":"https:\/\/glassheritagecentre.com\/glasvase-elixir\/"},"modified":"2022-07-18T13:29:10","modified_gmt":"2022-07-18T11:29:10","slug":"glasvase-elixir","status":"publish","type":"product","link":"https:\/\/glassheritagecentre.com\/de\/glasvase-elixir\/","title":{"rendered":"Glasvase Elixir"},"content":{"rendered":"<p>Dekorative und doch moderne Glasvase.   Dies ist das perfekte Geschenk f\u00fcr jemanden, der alle Dinge aus Glas liebt, oder als dekoratives St\u00fcck, um jeden Raum im Haus zu beleben.   W\u00e4hlen Sie aus unserer grossen Auswahl an Stilen, Formen, Farben und Gr\u00f6ssen, um das Richtige f\u00fcr Sie zu finden!<\/p>\n<p>  Hergestellt aus strapazierf\u00e4higem und schwerem Glas, ist diese Vase eines der beliebtesten Produkte, die wir anbieten.   Mit einem dreifachen Design und einer grossen \u00d6ffnung zum einfachen Bef\u00fcllen sind unsere dekorativen Vasen ein unverzichtbarer Bestandteil jedes Wohnraums.<\/p>\n<p>  Wir bieten eine Vielzahl von Farben, Formen und Gr\u00f6ssen von Vasen, die leicht in jedes Haus oder Interieur passen.<\/p>\n","protected":false},"excerpt":{"rendered":"<p>L\u00e4nge: 20 cm<br \/>\nBreite: 20 cm<br \/>\nH\u00f6he: 30 cm<\/p>\n","protected":false},"featured_media":442,"template":"","meta":[],"product_cat":[205],"product_tag":[],"_links":{"self":[{"href":"https:\/\/glassheritagecentre.com\/de\/wp-json\/wp\/v2\/product\/3528"}],"collection":[{"href":"https:\/\/glassheritagecentre.com\/de\/wp-json\/wp\/v2\/product"}],"about":[{"href":"https:\/\/glassheritagecentre.com\/de\/wp-json\/wp\/v2\/types\/product"}],"wp:featuredmedia":[{"embeddable":true,"href":"https:\/\/glassheritagecentre.com\/de\/wp-json\/wp\/v2\/media\/442"}],"wp:attachment":[{"href":"https:\/\/glassheritagecentre.com\/de\/wp-json\/wp\/v2\/media?parent=3528"}],"wp:term":[{"taxonomy":"product_cat","embeddable":true,"href":"https:\/\/glassheritagecentre.com\/de\/wp-json\/wp\/v2\/product_cat?post=3528"},{"taxonomy":"product_tag","embeddable":true,"href":"https:\/\/glassheritagecentre.com\/de\/wp-json\/wp\/v2\/product_tag?post=3528"}],"curies":[{"name":"wp","href":"https:\/\/api.w.org\/{rel}","templated":true}]}}