{"id":3527,"date":"2022-07-18T13:14:59","date_gmt":"2022-07-18T11:29:00","guid":{"rendered":"https:\/\/glassheritagecentre.com\/glasvase-mescolare\/"},"modified":"2022-07-18T13:29:09","modified_gmt":"2022-07-18T11:29:09","slug":"glasvase-mescolare","status":"publish","type":"product","link":"https:\/\/glassheritagecentre.com\/de\/glasvase-mescolare\/","title":{"rendered":"Glasvase Mescolare"},"content":{"rendered":"<p>Sch\u00f6ne, elegante Glasvase.   Perfekt f\u00fcr jede Art von Tisch oder Interieur.   Kombinieren Sie Farben und Formen, um die perfekte f\u00fcr Sie zu finden!<\/p>\n<p>  Unsere Vasen sind die kl\u00fcgste Wahl.   Langlebig und rissfest.   Glas wird nie aus der Mode kommen oder es im modernen Dekor von heute \u00fcberdr\u00fcssig werden!   Kombinieren Sie beruhigende Essenz mit Artistik, wie Sie sp\u00fcren, wie es Ihren Wohnraum ohne scharfe Kanten und Ecken sinnlich streichelt.   Diese harmonische Vase erg\u00e4nzt jede M\u00f6bel- oder Dekorkombination.<\/p>\n","protected":false},"excerpt":{"rendered":"<p>L\u00e4nge: 8 cm<br \/>\nBreite: 8 cm<br \/>\nH\u00f6he: 16 cm<\/p>\n","protected":false},"featured_media":433,"template":"","meta":[],"product_cat":[205],"product_tag":[],"_links":{"self":[{"href":"https:\/\/glassheritagecentre.com\/de\/wp-json\/wp\/v2\/product\/3527"}],"collection":[{"href":"https:\/\/glassheritagecentre.com\/de\/wp-json\/wp\/v2\/product"}],"about":[{"href":"https:\/\/glassheritagecentre.com\/de\/wp-json\/wp\/v2\/types\/product"}],"wp:featuredmedia":[{"embeddable":true,"href":"https:\/\/glassheritagecentre.com\/de\/wp-json\/wp\/v2\/media\/433"}],"wp:attachment":[{"href":"https:\/\/glassheritagecentre.com\/de\/wp-json\/wp\/v2\/media?parent=3527"}],"wp:term":[{"taxonomy":"product_cat","embeddable":true,"href":"https:\/\/glassheritagecentre.com\/de\/wp-json\/wp\/v2\/product_cat?post=3527"},{"taxonomy":"product_tag","embeddable":true,"href":"https:\/\/glassheritagecentre.com\/de\/wp-json\/wp\/v2\/product_tag?post=3527"}],"curies":[{"name":"wp","href":"https:\/\/api.w.org\/{rel}","templated":true}]}}