{"id":3526,"date":"2022-07-18T13:14:59","date_gmt":"2022-07-18T11:29:00","guid":{"rendered":"https:\/\/glassheritagecentre.com\/glasvase-trasparente\/"},"modified":"2022-07-18T13:29:09","modified_gmt":"2022-07-18T11:29:09","slug":"glasvase-trasparente","status":"publish","type":"product","link":"https:\/\/glassheritagecentre.com\/de\/glasvase-trasparente\/","title":{"rendered":"Glasvase Trasparente"},"content":{"rendered":"<p>Eine Glasvase ist eine sch\u00f6ne Dekoration f\u00fcr jeden Anlass.   Die Farben und Designs unserer wundersch\u00f6n gearbeiteten Vasen beleben das Interieur Ihres Hauses.   Diese dekorativen Vasen befinden sich im Glass Heritage Center und sind ein tolles Geschenk oder eine Erg\u00e4nzung zu jeder Tischdekoration.<\/p>\n<p>  Schenken muss nicht kompliziert sein \u2013 holen Sie sich einfach die perfekte Vase von uns!   Ihr Familienmitglied, Freund, Poker-Kumpel will Stil mit Klasse in ihrem Haus kombiniert?   Kaufen Sie ihnen dieses perfekte Glas-Meisterwerk aus unserem Shop!   Sie k\u00f6nnen es auch nach Farbe oder Muster anpassen!   Und wenn Sie dieses Jahr extra aufwendig sind und etwas ganz Besonderes wollen, gravieren wir sogar einen Namen oder einen Satz darauf.<\/p>\n","protected":false},"excerpt":{"rendered":"<p>L\u00e4nge: 8 cm<br \/>\nBreite: 8 cm<br \/>\nH\u00f6he: 16 cm<\/p>\n","protected":false},"featured_media":424,"template":"","meta":[],"product_cat":[205],"product_tag":[],"_links":{"self":[{"href":"https:\/\/glassheritagecentre.com\/de\/wp-json\/wp\/v2\/product\/3526"}],"collection":[{"href":"https:\/\/glassheritagecentre.com\/de\/wp-json\/wp\/v2\/product"}],"about":[{"href":"https:\/\/glassheritagecentre.com\/de\/wp-json\/wp\/v2\/types\/product"}],"wp:featuredmedia":[{"embeddable":true,"href":"https:\/\/glassheritagecentre.com\/de\/wp-json\/wp\/v2\/media\/424"}],"wp:attachment":[{"href":"https:\/\/glassheritagecentre.com\/de\/wp-json\/wp\/v2\/media?parent=3526"}],"wp:term":[{"taxonomy":"product_cat","embeddable":true,"href":"https:\/\/glassheritagecentre.com\/de\/wp-json\/wp\/v2\/product_cat?post=3526"},{"taxonomy":"product_tag","embeddable":true,"href":"https:\/\/glassheritagecentre.com\/de\/wp-json\/wp\/v2\/product_tag?post=3526"}],"curies":[{"name":"wp","href":"https:\/\/api.w.org\/{rel}","templated":true}]}}