{"id":3525,"date":"2022-07-18T13:14:59","date_gmt":"2022-07-18T11:29:00","guid":{"rendered":"https:\/\/glassheritagecentre.com\/glasvase-viola\/"},"modified":"2022-07-18T13:29:08","modified_gmt":"2022-07-18T11:29:08","slug":"glasvase-viola","status":"publish","type":"product","link":"https:\/\/glassheritagecentre.com\/de\/glasvase-viola\/","title":{"rendered":"Glasvase Viola"},"content":{"rendered":"<p>Diese sch\u00f6ne dekorative Glasvase passt perfekt in jedes Interieur.   Sie verdienen die beste Qualit\u00e4t in Ihrem Zuhause, weshalb dieses St\u00fcck von den K\u00fcnstlern des Glass Heritage Centers handgefertigt wurde.   Es kommt in verschiedenen Formen und Formen, mit einer Vielzahl von Farben, Mustern und Gr\u00f6ssen zur Auswahl.   Diese Vase ist perfekt f\u00fcr jedes Geschenk oder Tischdekoration!<\/p>\n<p>  Dekorative Vasen in verschiedenen Formen und Farben.   Das Glass Heritage Center kreiert kunstvolle St\u00fccke von Hand und verleiht jedem Raum Pers\u00f6nlichkeit.   Wir bieten immer eine Vielzahl der neuesten Styles und richtungsweisenden Designs, von filigranen Details bis hin zu einfachen, klaren Linien.<\/p>\n","protected":false},"excerpt":{"rendered":"<p>L\u00e4nge: 8 cm<br \/>\nBreite: 8 cm<br \/>\nH\u00f6he: 16 cm<\/p>\n","protected":false},"featured_media":415,"template":"","meta":[],"product_cat":[205],"product_tag":[],"_links":{"self":[{"href":"https:\/\/glassheritagecentre.com\/de\/wp-json\/wp\/v2\/product\/3525"}],"collection":[{"href":"https:\/\/glassheritagecentre.com\/de\/wp-json\/wp\/v2\/product"}],"about":[{"href":"https:\/\/glassheritagecentre.com\/de\/wp-json\/wp\/v2\/types\/product"}],"wp:featuredmedia":[{"embeddable":true,"href":"https:\/\/glassheritagecentre.com\/de\/wp-json\/wp\/v2\/media\/415"}],"wp:attachment":[{"href":"https:\/\/glassheritagecentre.com\/de\/wp-json\/wp\/v2\/media?parent=3525"}],"wp:term":[{"taxonomy":"product_cat","embeddable":true,"href":"https:\/\/glassheritagecentre.com\/de\/wp-json\/wp\/v2\/product_cat?post=3525"},{"taxonomy":"product_tag","embeddable":true,"href":"https:\/\/glassheritagecentre.com\/de\/wp-json\/wp\/v2\/product_tag?post=3525"}],"curies":[{"name":"wp","href":"https:\/\/api.w.org\/{rel}","templated":true}]}}