{"id":3523,"date":"2022-07-18T13:14:59","date_gmt":"2022-07-18T11:29:00","guid":{"rendered":"https:\/\/glassheritagecentre.com\/glasvase-ciello\/"},"modified":"2022-07-18T13:29:07","modified_gmt":"2022-07-18T11:29:07","slug":"glasvase-ciello","status":"publish","type":"product","link":"https:\/\/glassheritagecentre.com\/de\/glasvase-ciello\/","title":{"rendered":"Glasvase Ciello"},"content":{"rendered":"<p>Auf der Suche nach dem perfekten Geschenk oder der Dekoration?   Diese dekorative Glasvase ist eine tolle Erg\u00e4nzung zu Ihrer Sammlung.   Mit einer Vielzahl von Farben, Mustern und Formen ist diese Vase sicher, jeden Raum zu erg\u00e4nzen.   Hergestellt aus hochwertigen Materialien mit einem k\u00fcnstlerischen Touch, sind sie grossartig f\u00fcr jeden Anlass und machen sie zu etwas ganz Besonderem!<\/p>\n<p>  Hergestellt aus feinstem Qualit\u00e4tsglas mit lebendigen Farben, kundenspezifischen Formen und einer Vielzahl von Gr\u00f6ssen.   Diese Vasen werden von K\u00fcnstlern im Glass Heritage Center handgefertigt.<\/p>\n","protected":false},"excerpt":{"rendered":"<p>L\u00e4nge: 12 cm<br \/>\nBreite: 12 cm<br \/>\nH\u00f6he: 24 cm<\/p>\n","protected":false},"featured_media":397,"template":"","meta":[],"product_cat":[205],"product_tag":[],"_links":{"self":[{"href":"https:\/\/glassheritagecentre.com\/de\/wp-json\/wp\/v2\/product\/3523"}],"collection":[{"href":"https:\/\/glassheritagecentre.com\/de\/wp-json\/wp\/v2\/product"}],"about":[{"href":"https:\/\/glassheritagecentre.com\/de\/wp-json\/wp\/v2\/types\/product"}],"wp:featuredmedia":[{"embeddable":true,"href":"https:\/\/glassheritagecentre.com\/de\/wp-json\/wp\/v2\/media\/397"}],"wp:attachment":[{"href":"https:\/\/glassheritagecentre.com\/de\/wp-json\/wp\/v2\/media?parent=3523"}],"wp:term":[{"taxonomy":"product_cat","embeddable":true,"href":"https:\/\/glassheritagecentre.com\/de\/wp-json\/wp\/v2\/product_cat?post=3523"},{"taxonomy":"product_tag","embeddable":true,"href":"https:\/\/glassheritagecentre.com\/de\/wp-json\/wp\/v2\/product_tag?post=3523"}],"curies":[{"name":"wp","href":"https:\/\/api.w.org\/{rel}","templated":true}]}}