{"id":3522,"date":"2022-07-18T13:14:59","date_gmt":"2022-07-18T11:29:00","guid":{"rendered":"https:\/\/glassheritagecentre.com\/glasvase-fiamme\/"},"modified":"2022-07-18T13:29:07","modified_gmt":"2022-07-18T11:29:07","slug":"glasvase-fiamme","status":"publish","type":"product","link":"https:\/\/glassheritagecentre.com\/de\/glasvase-fiamme\/","title":{"rendered":"Glasvase Fiamme"},"content":{"rendered":"<p>Die perfekte dekorative Vase f\u00fcr jeden Tisch.   Handgefertigt von den K\u00fcnstlern des Glass Heritage Centers in den verschiedensten Stilen und Gr\u00f6ssen: Kobaltblau, klar, sattes Purpur und viele weitere Farben und Muster in Formen wie quadratisch, rund oder rechteckig.   Diese handgeblasenen Glasvasen sind die perfekte Erg\u00e4nzung zu Ihrer Wohnkultur.   Dar\u00fcber hinaus ist der Besitz einer dieser exquisiten Vasen eine nachdenkliche Geste, die jeden Tag angenehmer machen wird.<\/p>\n<p>  Unsere Glaswaren werden von den hochwertigsten und talentiertesten Handwerkern des Landes in Handarbeit hergestellt.   Alle unsere Produkte werden mit \u00e4usserster Sorgfalt und unglaublicher Liebe zum Detail hergestellt.   Dieses robuste Meisterwerk ist dazu bestimmt, Ihre Lieblings-Vase zu sein und ist stark genug, um Ihre Lieblingsblumen zu halten und ihnen gleichzeitig etwas Platz zu geben.<\/p>\n","protected":false},"excerpt":{"rendered":"<p>L\u00e4nge: 9 cm<br \/>\nBreite: 15 cm<br \/>\nH\u00f6he: 24 cm<\/p>\n","protected":false},"featured_media":388,"template":"","meta":[],"product_cat":[205],"product_tag":[],"_links":{"self":[{"href":"https:\/\/glassheritagecentre.com\/de\/wp-json\/wp\/v2\/product\/3522"}],"collection":[{"href":"https:\/\/glassheritagecentre.com\/de\/wp-json\/wp\/v2\/product"}],"about":[{"href":"https:\/\/glassheritagecentre.com\/de\/wp-json\/wp\/v2\/types\/product"}],"wp:featuredmedia":[{"embeddable":true,"href":"https:\/\/glassheritagecentre.com\/de\/wp-json\/wp\/v2\/media\/388"}],"wp:attachment":[{"href":"https:\/\/glassheritagecentre.com\/de\/wp-json\/wp\/v2\/media?parent=3522"}],"wp:term":[{"taxonomy":"product_cat","embeddable":true,"href":"https:\/\/glassheritagecentre.com\/de\/wp-json\/wp\/v2\/product_cat?post=3522"},{"taxonomy":"product_tag","embeddable":true,"href":"https:\/\/glassheritagecentre.com\/de\/wp-json\/wp\/v2\/product_tag?post=3522"}],"curies":[{"name":"wp","href":"https:\/\/api.w.org\/{rel}","templated":true}]}}