{"id":3521,"date":"2022-07-18T13:14:59","date_gmt":"2022-07-18T11:29:00","guid":{"rendered":"https:\/\/glassheritagecentre.com\/glasvase-giraffa\/"},"modified":"2022-07-18T13:29:06","modified_gmt":"2022-07-18T11:29:06","slug":"glasvase-giraffa","status":"publish","type":"product","link":"https:\/\/glassheritagecentre.com\/de\/glasvase-giraffa\/","title":{"rendered":"Glasvase Giraffa"},"content":{"rendered":"<p>Glasvasen sind perfekt f\u00fcr Akzente in jedem Zuhause.   Mit einer Vielzahl von Farben, Mustern und Formen zur Auswahl, passen diese dekorativen St\u00fccke sch\u00f6n in jedes Interieur.   Ob Sie das perfekte Geschenk suchen oder eine besondere Dekoration f\u00fcr Ihren Tisch w\u00fcnschen, unsere Glasvasen sind f\u00fcr jeden Anlass geeignet!<\/p>\n<p>  Diese sch\u00f6ne dekorative Vase wird alle Ihre G\u00e4ste mit ihrem schlichten, aber markanten Design begeistern.   Mit einer Vielzahl von Formen, Gr\u00f6ssen und Farben zur Verf\u00fcgung, gibt es f\u00fcr jeden etwas!   Das Glas wurde von erfahrenen K\u00fcnstlern aus dem Glaserbezentrum in Polen in makelloser Handarbeit hergestellt.<\/p>\n","protected":false},"excerpt":{"rendered":"<p>L\u00e4nge: 12 cm<br \/>\nBreite: 12 cm<br \/>\nH\u00f6he: 25 cm<\/p>\n","protected":false},"featured_media":379,"template":"","meta":[],"product_cat":[205],"product_tag":[],"_links":{"self":[{"href":"https:\/\/glassheritagecentre.com\/de\/wp-json\/wp\/v2\/product\/3521"}],"collection":[{"href":"https:\/\/glassheritagecentre.com\/de\/wp-json\/wp\/v2\/product"}],"about":[{"href":"https:\/\/glassheritagecentre.com\/de\/wp-json\/wp\/v2\/types\/product"}],"wp:featuredmedia":[{"embeddable":true,"href":"https:\/\/glassheritagecentre.com\/de\/wp-json\/wp\/v2\/media\/379"}],"wp:attachment":[{"href":"https:\/\/glassheritagecentre.com\/de\/wp-json\/wp\/v2\/media?parent=3521"}],"wp:term":[{"taxonomy":"product_cat","embeddable":true,"href":"https:\/\/glassheritagecentre.com\/de\/wp-json\/wp\/v2\/product_cat?post=3521"},{"taxonomy":"product_tag","embeddable":true,"href":"https:\/\/glassheritagecentre.com\/de\/wp-json\/wp\/v2\/product_tag?post=3521"}],"curies":[{"name":"wp","href":"https:\/\/api.w.org\/{rel}","templated":true}]}}