{"id":3520,"date":"2022-07-18T13:14:59","date_gmt":"2022-07-18T11:29:00","guid":{"rendered":"https:\/\/glassheritagecentre.com\/glasvase-fuoco\/"},"modified":"2022-07-18T13:29:06","modified_gmt":"2022-07-18T11:29:06","slug":"glasvase-fuoco","status":"publish","type":"product","link":"https:\/\/glassheritagecentre.com\/de\/glasvase-fuoco\/","title":{"rendered":"Glasvase Fuoco"},"content":{"rendered":"<p>Das Glass Heritage Center ist ein anerkannter Marktf\u00fchrer in der Glasindustrie und wurde vor \u00fcber 100 Jahren gegr\u00fcndet.   Wir setzen unser reichhaltiges Erbe fort, indem wir nur die besten Materialien verwenden, darunter Edelsteine und Kristalle, um viele unserer Designs zu schm\u00fccken.   Diese Vase sieht ph\u00e4nomenal aus; Sie k\u00f6nnen sie auf Ihren Lieblingstisch oder Kamin stellen!<\/p>\n<p>  Die Glasvase ist die perfekte Dekoration f\u00fcr jeden Tisch.   Diese elegante Glasvase wurde poliert und von unserem Team von talentierten lokalen K\u00fcnstlern kreiert.   Die Vase bietet einen zeitgem\u00e4ssen Look unter Beibehaltung der traditionellen Form und Zweckm\u00e4ssigkeit.<\/p>\n","protected":false},"excerpt":{"rendered":"<p>L\u00e4nge: 12 cm<br \/>\nBreite: 12 cm<br \/>\nH\u00f6he: 25 cm<\/p>\n","protected":false},"featured_media":370,"template":"","meta":[],"product_cat":[205],"product_tag":[],"_links":{"self":[{"href":"https:\/\/glassheritagecentre.com\/de\/wp-json\/wp\/v2\/product\/3520"}],"collection":[{"href":"https:\/\/glassheritagecentre.com\/de\/wp-json\/wp\/v2\/product"}],"about":[{"href":"https:\/\/glassheritagecentre.com\/de\/wp-json\/wp\/v2\/types\/product"}],"wp:featuredmedia":[{"embeddable":true,"href":"https:\/\/glassheritagecentre.com\/de\/wp-json\/wp\/v2\/media\/370"}],"wp:attachment":[{"href":"https:\/\/glassheritagecentre.com\/de\/wp-json\/wp\/v2\/media?parent=3520"}],"wp:term":[{"taxonomy":"product_cat","embeddable":true,"href":"https:\/\/glassheritagecentre.com\/de\/wp-json\/wp\/v2\/product_cat?post=3520"},{"taxonomy":"product_tag","embeddable":true,"href":"https:\/\/glassheritagecentre.com\/de\/wp-json\/wp\/v2\/product_tag?post=3520"}],"curies":[{"name":"wp","href":"https:\/\/api.w.org\/{rel}","templated":true}]}}