{"id":3519,"date":"2022-07-18T13:14:59","date_gmt":"2022-07-18T11:29:00","guid":{"rendered":"https:\/\/glassheritagecentre.com\/glasvase-abisso-nero\/"},"modified":"2022-07-18T13:29:05","modified_gmt":"2022-07-18T11:29:05","slug":"glasvase-abisso-nero","status":"publish","type":"product","link":"https:\/\/glassheritagecentre.com\/de\/glasvase-abisso-nero\/","title":{"rendered":"Glasvase Abisso Nero"},"content":{"rendered":"<p>Eine Glasvase ist eine wunderbare Erg\u00e4nzung f\u00fcr Ihr Zuhause.  Die glatte Oberfl\u00e4che und die elegante Farbe unserer Glasvasen eignen sich perfekt als Leinwand f\u00fcr Blumen und verleihen jedem Raum genau den richtigen Touch.  Bei den verschiedenen Designs, die in einer Reihe von Farben von Gold bis Blau erh\u00e4ltlich sind, werden Sie etwas finden, das Ihr Styling perfekt erg\u00e4nzt.  GHC verf\u00fcgt \u00fcber jahrelange Erfahrung in der Herstellung hochwertiger Glasprodukte mit besonderer Aufmerksamkeit f\u00fcr Details.  W\u00e4hlen Sie eine oder sogar drei Vasen f\u00fcr Ihr Zuhause, oder verwenden Sie sie f\u00fcr besondere Anl\u00e4sse wie Hochzeiten und Geburtstage &#8211; sie sind perfekte Geschenke!<\/p>\n<p> Eine Vase ist ein unverzichtbares Gef\u00e4\u00df f\u00fcr Blumen oder andere Arrangements.  Mit einer unserer stilvollen Glasvasen, die in der hauseigenen Glash\u00fctte von GHC hergestellt werden, k\u00f6nnen Sie den Mittelpunkt eines jeden gedeckten Tisches ganz nach Ihrem Geschmack gestalten.  Ihre G\u00e4ste werden mit Sicherheit beeindruckt sein von dem besonderen Touch, den Sie ihnen verliehen haben.<\/p>\n","protected":false},"excerpt":{"rendered":"<p>L\u00e4nge: 16 cm<br \/>\nBreite: 16 cm<br \/>\nH\u00f6he: 20 cm<\/p>\n","protected":false},"featured_media":361,"template":"","meta":[],"product_cat":[205],"product_tag":[],"_links":{"self":[{"href":"https:\/\/glassheritagecentre.com\/de\/wp-json\/wp\/v2\/product\/3519"}],"collection":[{"href":"https:\/\/glassheritagecentre.com\/de\/wp-json\/wp\/v2\/product"}],"about":[{"href":"https:\/\/glassheritagecentre.com\/de\/wp-json\/wp\/v2\/types\/product"}],"wp:featuredmedia":[{"embeddable":true,"href":"https:\/\/glassheritagecentre.com\/de\/wp-json\/wp\/v2\/media\/361"}],"wp:attachment":[{"href":"https:\/\/glassheritagecentre.com\/de\/wp-json\/wp\/v2\/media?parent=3519"}],"wp:term":[{"taxonomy":"product_cat","embeddable":true,"href":"https:\/\/glassheritagecentre.com\/de\/wp-json\/wp\/v2\/product_cat?post=3519"},{"taxonomy":"product_tag","embeddable":true,"href":"https:\/\/glassheritagecentre.com\/de\/wp-json\/wp\/v2\/product_tag?post=3519"}],"curies":[{"name":"wp","href":"https:\/\/api.w.org\/{rel}","templated":true}]}}