{"id":3518,"date":"2022-07-18T13:14:59","date_gmt":"2022-07-18T11:29:00","guid":{"rendered":"https:\/\/glassheritagecentre.com\/glasvase-colorato\/"},"modified":"2022-07-18T13:29:04","modified_gmt":"2022-07-18T11:29:04","slug":"glasvase-colorato","status":"publish","type":"product","link":"https:\/\/glassheritagecentre.com\/de\/glasvase-colorato\/","title":{"rendered":"Glasvase Colorato"},"content":{"rendered":"<p>Die perfekte Vase zu finden, kann nat\u00fcrlich schwierig sein, aber zum Gl\u00fcck hat der GHC-Shop das ge\u00e4ndert.  Die K\u00fcnstler und Sch\u00f6pfer unserer Glasvasen m\u00f6chten, dass Sie wissen, dass es viele Optionen in einer Vielzahl von Formen, Farben und Stilen gibt.<\/p>\n<p> Verleihen Sie jedem Raum mit dieser Vase Stil.  Von \u00fcbergro\u00dfen Glasvasen bis hin zu raffinierten Marmordesigns &#8211; eines dieser dekorativen St\u00fccke wird perfekt zu Ihrer Einrichtung passen.  Verwandeln Sie Ihren Wohnbereich in eine atemberaubende gr\u00fcne Welt.  Einige unserer Vasen sind so klein, dass sie leicht zu transportieren sind und in jeden Raum passen, in dem Sie eine wunderbare Atmosph\u00e4re schaffen wollen.<\/p>\n","protected":false},"excerpt":{"rendered":"<p>L\u00e4nge: 16 cm<br \/>\nBreite: 16 cm<br \/>\nH\u00f6he: 20 cm<\/p>\n","protected":false},"featured_media":352,"template":"","meta":[],"product_cat":[205],"product_tag":[],"_links":{"self":[{"href":"https:\/\/glassheritagecentre.com\/de\/wp-json\/wp\/v2\/product\/3518"}],"collection":[{"href":"https:\/\/glassheritagecentre.com\/de\/wp-json\/wp\/v2\/product"}],"about":[{"href":"https:\/\/glassheritagecentre.com\/de\/wp-json\/wp\/v2\/types\/product"}],"wp:featuredmedia":[{"embeddable":true,"href":"https:\/\/glassheritagecentre.com\/de\/wp-json\/wp\/v2\/media\/352"}],"wp:attachment":[{"href":"https:\/\/glassheritagecentre.com\/de\/wp-json\/wp\/v2\/media?parent=3518"}],"wp:term":[{"taxonomy":"product_cat","embeddable":true,"href":"https:\/\/glassheritagecentre.com\/de\/wp-json\/wp\/v2\/product_cat?post=3518"},{"taxonomy":"product_tag","embeddable":true,"href":"https:\/\/glassheritagecentre.com\/de\/wp-json\/wp\/v2\/product_tag?post=3518"}],"curies":[{"name":"wp","href":"https:\/\/api.w.org\/{rel}","templated":true}]}}