{"id":3517,"date":"2022-07-18T13:14:59","date_gmt":"2022-07-18T11:29:00","guid":{"rendered":"https:\/\/glassheritagecentre.com\/glasvase-paesaggio\/"},"modified":"2022-07-18T13:29:04","modified_gmt":"2022-07-18T11:29:04","slug":"glasvase-paesaggio","status":"publish","type":"product","link":"https:\/\/glassheritagecentre.com\/de\/glasvase-paesaggio\/","title":{"rendered":"Glasvase Paesaggio"},"content":{"rendered":"<p>Ein unerwarteter Blumenstrau\u00df von einem geliebten Menschen verdient einen w\u00fcrdigen Rahmen.  Diese Glasvase von GHC ist perfekt f\u00fcr jeden Anlass, ob gro\u00df oder klein.  Sie passt in jeden Raum und wertet die Einrichtung Ihres Zuhauses im Handumdrehen auf.  Die bunten Blumen sind ein echter Hingucker!  Diese luxuri\u00f6sen, hochwertigen Glasvasen verf\u00fcgen \u00fcber einen kratzfesten Boden, der ihre Stabilit\u00e4t auf Oberfl\u00e4chen sicher erh\u00f6ht.  Sie k\u00f6nnen sie \u00fcberall aufstellen: auf dem Schreibtisch, auf dem Couchtisch, auf der K\u00fcchenarbeitsplatte &#8211; wo immer Sie wollen!<\/p>\n<p> Ein Blumengeschenk kann es in vielen Farben, Formen und Gr\u00f6\u00dfen geben.  Ein Geschenk, das den perfekten Rahmen verdient, sollte nicht \u00fcbersehen werden. Deshalb bieten wir unter der Marke GHC eine Reihe von sch\u00f6nen Glasvasen an.<\/p>\n","protected":false},"excerpt":{"rendered":"<p>L\u00e4nge: 16 cm<br \/>\nBreite: 16 cm<br \/>\nH\u00f6he: 20 cm<\/p>\n","protected":false},"featured_media":343,"template":"","meta":[],"product_cat":[205],"product_tag":[],"_links":{"self":[{"href":"https:\/\/glassheritagecentre.com\/de\/wp-json\/wp\/v2\/product\/3517"}],"collection":[{"href":"https:\/\/glassheritagecentre.com\/de\/wp-json\/wp\/v2\/product"}],"about":[{"href":"https:\/\/glassheritagecentre.com\/de\/wp-json\/wp\/v2\/types\/product"}],"wp:featuredmedia":[{"embeddable":true,"href":"https:\/\/glassheritagecentre.com\/de\/wp-json\/wp\/v2\/media\/343"}],"wp:attachment":[{"href":"https:\/\/glassheritagecentre.com\/de\/wp-json\/wp\/v2\/media?parent=3517"}],"wp:term":[{"taxonomy":"product_cat","embeddable":true,"href":"https:\/\/glassheritagecentre.com\/de\/wp-json\/wp\/v2\/product_cat?post=3517"},{"taxonomy":"product_tag","embeddable":true,"href":"https:\/\/glassheritagecentre.com\/de\/wp-json\/wp\/v2\/product_tag?post=3517"}],"curies":[{"name":"wp","href":"https:\/\/api.w.org\/{rel}","templated":true}]}}